{"id":16,"date":"2014-10-23T15:47:00","date_gmt":"2014-10-23T13:47:00","guid":{"rendered":"http:\/\/inesgilh.com\/?page_id=16"},"modified":"2020-07-02T17:09:10","modified_gmt":"2020-07-02T15:09:10","slug":"ines-gil-herrera","status":"publish","type":"page","link":"https:\/\/inesgilh.com\/?page_id=16","title":{"rendered":"Inesgilh"},"content":{"rendered":"<p>[et_pb_section fb_built=\u00bb1&#8243; prev_background_color=\u00bb#ffffff\u00bb next_background_color=\u00bb#ffffff\u00bb _builder_version=\u00bb4.4.8&#8243; use_background_color_gradient=\u00bbon\u00bb background_color_gradient_start=\u00bb#000000&#8243; background_color_gradient_end=\u00bb#2d8ee2&#8243; background_color_gradient_direction=\u00bb165deg\u00bb background_enable_image=\u00bboff\u00bb min_height=\u00bb179px\u00bb custom_padding=\u00bb102px|||||\u00bb top_divider_style=\u00bbwaves2&#8243; bottom_divider_style=\u00bbwaves\u00bb][et_pb_row _builder_version=\u00bb4.4.8&#8243;][et_pb_column type=\u00bb4_4&#8243; _builder_version=\u00bb4.4.8&#8243;][et_pb_text _builder_version=\u00bb4.4.8&#8243; text_font=\u00bbCaveat||||||||\u00bb text_text_color=\u00bb#ffffff\u00bb text_font_size=\u00bb68px\u00bb text_letter_spacing=\u00bb8px\u00bb transform_translate=\u00bb0px|-37px\u00bb transform_translate_linked=\u00bboff\u00bb hover_enabled=\u00bb0&#8243; text_text_shadow_style=\u00bbpreset2&#8243;]<\/p>\n<p style=\"text-align: center;\">In\u00e9sgilh<\/p>\n<p>[\/et_pb_text][\/et_pb_column][\/et_pb_row][\/et_pb_section][et_pb_section fb_built=\u00bb1&#8243; admin_label=\u00bbsection\u00bb _builder_version=\u00bb4.4.8&#8243; background_color=\u00bb#ffffff\u00bb background_enable_image=\u00bboff\u00bb custom_padding=\u00bb37px|||||\u00bb][et_pb_row admin_label=\u00bbrow\u00bb _builder_version=\u00bb3.25&#8243; background_size=\u00bbinitial\u00bb background_position=\u00bbtop_left\u00bb background_repeat=\u00bbrepeat\u00bb][et_pb_column type=\u00bb4_4&#8243; _builder_version=\u00bb3.25&#8243; custom_padding=\u00bb|||\u00bb custom_padding__hover=\u00bb|||\u00bb][et_pb_text admin_label=\u00bbText\u00bb _builder_version=\u00bb3.27.4&#8243; background_size=\u00bbinitial\u00bb background_position=\u00bbtop_left\u00bb background_repeat=\u00bbrepeat\u00bb]<\/p>\n<p class=\"txt_blanco_izq\" style=\"text-align: justify;\"><img loading=\"lazy\" decoding=\"async\" class=\"alignleft wp-image-691 size-thumbnail\" src=\"https:\/\/inesgilh.com\/wp-content\/uploads\/2019\/01\/sin-t\u00edtulo-6668-150x150.jpg\" alt=\"\" width=\"222\" height=\"222\" srcset=\"https:\/\/inesgilh.com\/wp-content\/uploads\/2019\/01\/sin-t\u00edtulo-6668-150x150.jpg 150w, https:\/\/inesgilh.com\/wp-content\/uploads\/2019\/01\/sin-t\u00edtulo-6668-520x520.jpg 520w, https:\/\/inesgilh.com\/wp-content\/uploads\/2019\/01\/sin-t\u00edtulo-6668-768x768.jpg 768w, https:\/\/inesgilh.com\/wp-content\/uploads\/2019\/01\/sin-t\u00edtulo-6668-644x644.jpg 644w, https:\/\/inesgilh.com\/wp-content\/uploads\/2019\/01\/sin-t\u00edtulo-6668-144x144.jpg 144w, https:\/\/inesgilh.com\/wp-content\/uploads\/2019\/01\/sin-t\u00edtulo-6668-300x300.jpg 300w, https:\/\/inesgilh.com\/wp-content\/uploads\/2019\/01\/sin-t\u00edtulo-6668-600x600.jpg 600w, https:\/\/inesgilh.com\/wp-content\/uploads\/2019\/01\/sin-t\u00edtulo-6668-100x100.jpg 100w, https:\/\/inesgilh.com\/wp-content\/uploads\/2019\/01\/sin-t\u00edtulo-6668.jpg 1024w\" sizes=\"auto, (max-width: 222px) 100vw, 222px\" \/>Madrid, 1965.<\/p>\n<p class=\"txt_blanco_izq\" style=\"text-align: justify;\"><em>Licenciada en Ciencias de la Informaci\u00f3n en la rama de Imagen y\u00a0\u00a0Sonido <\/em>por la Universidad Complutense de Madrid,\u00a0<em>Experta Universitaria en Artes Visuales: fotograf\u00eda y acci\u00f3n creativa<\/em> por la Universidad Miguel Hern\u00e1ndez de Elche y <em>Docente en Formaci\u00f3n Profesional para el Empleo<\/em>.<\/p>\n<p class=\"txt_blanco_izq\" style=\"text-align: justify;\">Siete a\u00f1os trabajando como profesora de Fotograf\u00eda y Direcci\u00f3n de fotograf\u00eda en la Licenciatura y el Grado en Comunicaci\u00f3n audiovisual, avalan mi experiencia como docente. Casi 50 premios en concursos nacionales e internacionales, exposiciones colectivas e individuales, diversas publicaciones, talleres impartidos y participaci\u00f3n como jurado en concursos de fotograf\u00eda, avalan mi hacer fotogr\u00e1fico.<\/p>\n<p class=\"txt_blanco_izq\" style=\"text-align: justify;\">Empec\u00e9 a interesarme por la fotograf\u00eda cuando, a los 17 a\u00f1os, mi padre me regal\u00f3 una c\u00e1mara r\u00e9flex. Desde entonces, mi andadura fotogr\u00e1fica ha transcurrido por diversos caminos hasta llegar al punto en que ahora me encuentro.<\/p>\n<p style=\"text-align: justify;\">Disfruto de\u00a0la fotograf\u00eda cocinada a fuego lento y con pocos ingredientes&#8230; sobre todo si estoy ante\u00a0el mar, mi modelo m\u00e1s paciente. Me gusta experimentar con el movimiento, coquetear con la abstracci\u00f3n, utilizar la c\u00e1mara para capturar lo que es invisible al ojo.<\/p>\n<p style=\"text-align: justify;\">Me recreo en el proceso de hacer las fotograf\u00edas y me tomo con calma la edici\u00f3n en el ordenador dejando que todas las emociones que siento en el momento de la captura se diluyan antes de revelar la imagen definitiva.<\/p>\n<p style=\"text-align: justify;\">\n<h3><span style=\"color: #333333;\">ART\u00cdCULOS<\/span><\/h3>\n<p><span style=\"color: #333333;\"><\/span><\/p>\n<p><a href=\"https:\/\/www.concursosdefotografia.com\/1er-tutorial-fotografia-nocturna\/\">C\u00f3mo enfrentarse a la fotograf\u00eda nocturna y no morir en el intento (I)<\/a><\/p>\n<p><a href=\"https:\/\/www.concursosdefotografia.com\/tutorial-fotografia-nocturna-ii\/\">C\u00f3mo enfrentarse a la fotograf\u00eda nocturna y no morir en el intento (II)<\/a><\/p>\n<p>&nbsp;<\/p>\n<h3><span style=\"color: #333333;\">ALGUNAS COSITAS M\u00c1S&#8230;<\/span><\/h3>\n<p><span style=\"color: rgba(102, 102, 102, 0.88);\">Enero 2019 Master Class fotogr\u00e1fica en L\u00b4Espai, Alicante<\/span><span style=\"color: #333333;\"><\/span><\/p>\n<p><span style=\"color: #808080;\">Diciembre 2018<\/span>\u00a0<span style=\"color: #999999;\">Master Class fotogr\u00e1fica en L\u00b4Espai, Alicante<\/span><\/p>\n<p><span style=\"color: #808080;\">Julio 2018<\/span>\u00a0\u00a0<span style=\"color: #999999;\">Master Class fotogr\u00e1fica en L\u00b4Espai, Alicante<\/span><\/p>\n<p><span style=\"color: #808080;\">Febrero 2018<\/span>\u00a0\u00a0<span style=\"color: #999999;\">Master Class fotogr\u00e1fica en L\u00b4Espai, Alicante<\/span><\/p>\n<p><span style=\"color: #808080;\">Enero 2018\u00a0 \u00a0 Miembro del jurado del <a href=\"http:\/\/fotobomberos.org\/\">II Concurso Nacional de Fotograf\u00eda de Bomberos.<\/a><\/span><\/p>\n<p><span style=\"color: #808080;\">Nov-Dic 2017 Foto fija en la Docu-serie <a href=\"https:\/\/www.instagram.com\/filmoretrats\/?hl=es\"><em>FilmoRetrats<\/em><\/a><\/span><\/p>\n<p><span style=\"color: #999999;\">Mayo 2017\u00a0\u00a0 Taller de Fotograf\u00eda de Paisaje en la Asociaci\u00f3n Fotogr\u00e1fica de Benissa<\/span><\/p>\n<p><span style=\"color: #999999;\">Abril 2017\u00a0\u00a0\u00a0\u00a0 Miembro del jurado del III Concurso Internacional de Fotograf\u00eda de Alicante<\/span><\/p>\n<p><span style=\"color: #999999;\">Feb 2017\u00a0\u00a0\u00a0\u00a0\u00a0\u00a0 Taller de Fotograf\u00eda de Paisaje en L\u00b4Espai<\/span><\/p>\n<p><span style=\"color: #999999;\">Julio 2016\u00a0\u00a0\u00a0\u00a0 Docente de fotograf\u00eda dentro del curso <em>Iniciaci\u00f3n al Cine #Makers <\/em>(Cursos de verano UA)<\/span><\/p>\n<p><span style=\"color: #999999;\">Mayo 2015\u00a0\u00a0\u00a0\u00a0 Conferenciante: Tri\u00e1logo en L\u00b4Espai sobre la fotograf\u00eda de Man Ray<\/span><\/p>\n<p><span style=\"color: #999999;\">Marzo 2015\u00a0\u00a0 Master Class fotogr\u00e1fica en L\u00b4Espai, Alicante<\/span><\/p>\n<p><span style=\"color: #999999;\">Marzo 2015\u00a0\u00a0 Fot\u00f3grafa invitada en la Gala 55mm de la Federaci\u00f3n Catalana de Fotograf\u00eda.<\/span><\/p>\n<p><span style=\"color: #999999;\">2014 -2015 \u00a0\u00a0Miembro del jurado de la liga fotogr\u00e1fica de la Federaci\u00f3n Catalana de Fotograf\u00eda<\/span><\/p>\n<p><span style=\"color: #999999;\">2011- 2013 Miembro del Comit\u00e9 de Arte de la Galer\u00eda Virtual de Fotograf\u00eda Contempor\u00e1nea Foco Gallery comisariando tres exposiciones.<\/span><\/p>\n<p><span style=\"color: #999999;\">2010 Edici\u00f3n del Audiovisual Noct\u00e1mbulos proyectado durante las jornadas de fotograf\u00eda Fotogenio 2010 en Mazarr\u00f3n <\/span><span style=\"color: #999999;\">(Murcia) (Octubre)<\/span><\/p>\n<p><span style=\"color: #999999;\">2009 Fotograf\u00edas para el cartel y la publicidad de la pel\u00edcula \u00bfEst\u00e1s ah\u00ed? Producida por Arcadia Motion Pictures.<\/span><\/p>\n<p><span style=\"color: #999999;\">2009-11 Moderadora en el foro de fotograf\u00eda nocturna Noct\u00e1mbulos.org (www.noctambulos.org) (hasta Diciembre 2011)<\/span><\/p>\n<p><span style=\"color: #999999;\">2008 Fot\u00f3grafa colaboradora para la revista danesa Scandinavia dedicada al turismo de la Costa Blanca<\/span><\/p>\n<p><span style=\"color: #999999;\">2007 Foto fija para el documental \u201c\u00bfPor Qu\u00e9 Pepa Flores Mat\u00f3 a Marisol?\u201d, de Alejandra Balsa. Emitido en Antena 3.<\/span><\/p>\n<p><span style=\"color: #999999;\"><\/span><\/p>\n<h3><span style=\"color: #333333;\">FOTOGRAF\u00cdAS PUBLICADAS<\/span><\/h3>\n<p><span style=\"color: #333333;\"><\/span><\/p>\n<p><span style=\"color: #999999;\">2012 International Annyversary Photographic Salon Carol Pop de Szathmari, 2012. Cat\u00e1logo ISBN: 978-873-0-11890-2<\/span><\/p>\n<p><span style=\"color: #999999;\">2011 Alicantinos en el Cine. Cineastas en Alicante (Espa\u00f1a) Libro ISBN: 978-84-9948-244-6<\/span><\/p>\n<p><span style=\"color: #999999;\">2011 87 Sal\u00f3n Internacional de Fotograf\u00eda Zaragoza 2011 (Espa\u00f1a) Cat\u00e1logo ISBN: 978-84-8069-568-8<\/span><\/p>\n<p><span style=\"color: #999999;\">2011 6th International Exhibition of Art Photography, Kumanovo 2011(Macedonia) ISBN: 978-608-65351-0-0<\/span><\/p>\n<p><span style=\"color: #999999;\">2010 Sentimientos Fotogr\u00e1ficos (Espa\u00f1a) Cat\u00e1logo ISBN : 978-84-96979-86-4<\/span><\/p>\n<p><span style=\"color: #999999;\">2011 Yuanlin International Exhibition of Photography (Taiwan) Cat\u00e1logo ISBN: 978-986-03-0325-4<\/span><\/p>\n<p><span style=\"color: #999999;\">2011 Photogram Salon 2011 (Serbia) Cat\u00e1logo ISBN: 978-86-903551-5-0<\/span><\/p>\n<p><span style=\"color: #999999;\">2011 XXXIX Trofeo Gipuzkoa Internacional (Espa\u00f1a) Cat\u00e1logo Dep\u00f3sito Legal: SS-1580-2011<\/span><\/p>\n<p><span style=\"color: #999999;\">2010 \u201cUMH, Im\u00e1genes de un espacio, la Universidad habitada\u201d (Espa\u00f1a) Cat\u00e1logo ISBN: 978-84-937416-8-6<\/span><\/p>\n<h3><\/h3>\n<p>[\/et_pb_text][\/et_pb_column][\/et_pb_row][\/et_pb_section]<\/p>\n","protected":false},"excerpt":{"rendered":"<p>[et_pb_section fb_built=\u00bb1&#8243; prev_background_color=\u00bb#ffffff\u00bb next_background_color=\u00bb#ffffff\u00bb _builder_version=\u00bb4.4.8&#8243; use_background_color_gradient=\u00bbon\u00bb background_color_gradient_start=\u00bb#000000&#8243; background_color_gradient_end=\u00bb#2d8ee2&#8243; background_color_gradient_direction=\u00bb165deg\u00bb background_enable_image=\u00bboff\u00bb min_height=\u00bb179px\u00bb custom_padding=\u00bb102px|||||\u00bb top_divider_style=\u00bbwaves2&#8243; bottom_divider_style=\u00bbwaves\u00bb][et_pb_row _builder_version=\u00bb4.4.8&#8243;][et_pb_column type=\u00bb4_4&#8243; _builder_version=\u00bb4.4.8&#8243;][et_pb_text _builder_version=\u00bb4.4.8&#8243; text_font=\u00bbCaveat||||||||\u00bb text_text_color=\u00bb#ffffff\u00bb text_font_size=\u00bb68px\u00bb text_letter_spacing=\u00bb8px\u00bb transform_translate=\u00bb0px|-37px\u00bb transform_translate_linked=\u00bboff\u00bb hover_enabled=\u00bb0&#8243; text_text_shadow_style=\u00bbpreset2&#8243;] In\u00e9sgilh [\/et_pb_text][\/et_pb_column][\/et_pb_row][\/et_pb_section][et_pb_section fb_built=\u00bb1&#8243; admin_label=\u00bbsection\u00bb _builder_version=\u00bb4.4.8&#8243; background_color=\u00bb#ffffff\u00bb background_enable_image=\u00bboff\u00bb custom_padding=\u00bb37px|||||\u00bb][et_pb_row admin_label=\u00bbrow\u00bb _builder_version=\u00bb3.25&#8243; background_size=\u00bbinitial\u00bb background_position=\u00bbtop_left\u00bb background_repeat=\u00bbrepeat\u00bb][et_pb_column type=\u00bb4_4&#8243; _builder_version=\u00bb3.25&#8243; custom_padding=\u00bb|||\u00bb custom_padding__hover=\u00bb|||\u00bb][et_pb_text admin_label=\u00bbText\u00bb _builder_version=\u00bb3.27.4&#8243; background_size=\u00bbinitial\u00bb background_position=\u00bbtop_left\u00bb background_repeat=\u00bbrepeat\u00bb] Madrid, 1965. Licenciada en Ciencias de la [&hellip;]<\/p>\n","protected":false},"author":1,"featured_media":0,"parent":0,"menu_order":0,"comment_status":"closed","ping_status":"closed","template":"","meta":{"_et_pb_use_builder":"on","_et_pb_old_content":"<p class=\"txt_blanco_izq\" style=\"text-align: justify;\"><img class=\"alignleft wp-image-691 size-thumbnail\" src=\"https:\/\/inesgilh.com\/wp-content\/uploads\/2019\/01\/sin-t\u00edtulo-6668-150x150.jpg\" alt=\"\" width=\"150\" height=\"150\" \/>Madrid, 1965.<\/p>\n<p class=\"txt_blanco_izq\" style=\"text-align: justify;\"><em>Licenciada en Ciencias de la Informaci\u00f3n en la rama de Imagen y\u00a0\u00a0Sonido <\/em>por la Universidad Complutense de Madrid,\u00a0<em>Experta Universitaria en Artes Visuales: fotograf\u00eda y acci\u00f3n creativa<\/em> por la Universidad Miguel Hern\u00e1ndez de Elche y <em>Docente en Formaci\u00f3n Profesional para el Empleo<\/em>.<\/p>\n<p class=\"txt_blanco_izq\" style=\"text-align: justify;\">Siete a\u00f1os trabajando como profesora de Fotograf\u00eda y Direcci\u00f3n de fotograf\u00eda en la Licenciatura y el Grado en Comunicaci\u00f3n audiovisual, avalan mi experiencia como docente. Casi 50 premios en concursos nacionales e internacionales, exposiciones colectivas e individuales, diversas publicaciones, talleres impartidos y participaci\u00f3n como jurado en concursos de fotograf\u00eda, avalan mi hacer fotogr\u00e1fico.<\/p>\n<p class=\"txt_blanco_izq\" style=\"text-align: justify;\">Empec\u00e9 a interesarme por la fotograf\u00eda cuando, a los 17 a\u00f1os, mi padre me regal\u00f3 una c\u00e1mara r\u00e9flex. Desde entonces, mi andadura fotogr\u00e1fica ha transcurrido por diversos caminos hasta llegar al punto en que ahora me encuentro.<\/p>\n<p style=\"text-align: justify;\">Disfruto de\u00a0la fotograf\u00eda cocinada a fuego lento y con pocos ingredientes... sobre todo si estoy ante\u00a0el mar, mi modelo m\u00e1s paciente. Me gusta experimentar con el movimiento, coquetear con la abstracci\u00f3n, utilizar la c\u00e1mara para capturar lo que es invisible al ojo.<\/p>\n<p style=\"text-align: justify;\">Me recreo en el proceso de hacer las fotograf\u00edas y me tomo con calma la edici\u00f3n en el ordenador dejando que todas las emociones que siento en el momento de la captura se diluyan antes de revelar la imagen definitiva.<\/p>\n\n<h3><span style=\"color: #333333;\">ART\u00cdCULOS<\/span><\/h3>\n<a href=\"https:\/\/www.concursosdefotografia.com\/1er-tutorial-fotografia-nocturna\/\">C\u00f3mo enfrentarse a la fotograf\u00eda nocturna y no morir en el intento (I)<\/a>\n\n<a href=\"https:\/\/www.concursosdefotografia.com\/tutorial-fotografia-nocturna-ii\/\">C\u00f3mo enfrentarse a la fotograf\u00eda nocturna y no morir en el intento (II)<\/a>\n<h3><span style=\"color: #333333;\">ALGUNAS COSITAS M\u00c1S...<\/span><\/h3>\n<span style=\"color: #808080;\">Diciembre 2018<\/span>\u00a0<span style=\"color: #999999;\">Master Class fotogr\u00e1fica en L\u00b4Espai, Alicante<\/span>\n\n<span style=\"color: #808080;\">Julio 2018<\/span>\u00a0\u00a0<span style=\"color: #999999;\">Master Class fotogr\u00e1fica en L\u00b4Espai, Alicante<\/span>\n\n<span style=\"color: #808080;\">Febrero 2018<\/span>\u00a0\u00a0<span style=\"color: #999999;\">Master Class fotogr\u00e1fica en L\u00b4Espai, Alicante<\/span>\n\n<span style=\"color: #808080;\">Enero 2018\u00a0 \u00a0 Miembro del jurado del <a href=\"http:\/\/fotobomberos.org\/\">II Concurso Nacional de Fotograf\u00eda de Bomberos.<\/a><\/span>\n\n<span style=\"color: #808080;\">Nov-Dic 2017 Foto fija en la Docuserie <a href=\"https:\/\/www.instagram.com\/filmoretrats\/?hl=es\"><em>FilmoRetrats<\/em><\/a><\/span>\n\n<span style=\"color: #999999;\">Mayo 2017\u00a0\u00a0 Taller de Fotograf\u00eda de Paisaje en la Asociaci\u00f3n Fotogr\u00e1fica de Benissa<\/span>\n\n<span style=\"color: #999999;\">Abril 2017\u00a0\u00a0\u00a0\u00a0 Miembro del jurado del III Concurso Internacional de Fotograf\u00eda de Alicante<\/span>\n\n<span style=\"color: #999999;\">Feb 2017\u00a0\u00a0\u00a0\u00a0\u00a0\u00a0 Taller de Fotograf\u00eda de Paisaje en L\u00b4Espai<\/span>\n\n<span style=\"color: #999999;\">Julio 2016\u00a0\u00a0\u00a0\u00a0 Docente de fotograf\u00eda dentro del curso <em>Iniciaci\u00f3n al Cine #Makers <\/em>(Cursos de verano UA)<\/span>\n\n<span style=\"color: #999999;\">Mayo 2015\u00a0\u00a0\u00a0\u00a0 Conferenciante: Tri\u00e1logo en L\u00b4Espai sobre la fotograf\u00eda de Man Ray<\/span>\n\n<span style=\"color: #999999;\">Marzo 2015\u00a0\u00a0 Master Class fotogr\u00e1fica en L\u00b4Espai, Alicante<\/span>\n\n<span style=\"color: #999999;\">Marzo 2015\u00a0\u00a0 Fot\u00f3grafa invitada en la Gala 55mm de la Federaci\u00f3n Catalana de Fotograf\u00eda.<\/span>\n\n<span style=\"color: #999999;\">2014 -2015 \u00a0\u00a0Miembro del jurado de la liga fotogr\u00e1fica de la Federaci\u00f3n Catalana de Fotograf\u00eda<\/span>\n\n<span style=\"color: #999999;\">2011- 2013 Miembro del Comit\u00e9 de Arte de la Galer\u00eda Virtual de Fotograf\u00eda Contempor\u00e1nea Foco Gallery comisariando tres exposiciones.<\/span>\n\n<span style=\"color: #999999;\">2010 Edici\u00f3n del Audiovisual Noct\u00e1mbulos proyectado durante las jornadas de fotograf\u00eda Fotogenio 2010 en Mazarr\u00f3n <\/span><span style=\"color: #999999;\">(Murcia) (Octubre)<\/span>\n\n<span style=\"color: #999999;\">2009 Fotograf\u00edas para el cartel y la publicidad de la pel\u00edcula \u00bfEst\u00e1s ah\u00ed? Producida por Arcadia Motion Pictures.<\/span>\n\n<span style=\"color: #999999;\">2009-11 Moderadora en el foro de fotograf\u00eda nocturna Noct\u00e1mbulos.org (www.noctambulos.org) (hasta Diciembre 2011)<\/span>\n\n<span style=\"color: #999999;\">2008 Fot\u00f3grafa colaboradora para la revista danesa Scandinavia dedicada al turismo de la Costa Blanca<\/span>\n\n<span style=\"color: #999999;\">2007 Foto fija para el documental \u201c\u00bfPor Qu\u00e9 Pepa Flores Mat\u00f3 a Marisol?\u201d, de Alejandra Balsa. Emitido en Antena 3.<\/span>\n<h3><span style=\"color: #333333;\">FOTOGRAF\u00cdAS PUBLICADAS<\/span><\/h3>\n<span style=\"color: #999999;\">2012 International Annyversary Photographic Salon Carol Pop de Szathmari, 2012. Cat\u00e1logo ISBN: 978-873-0-11890-2<\/span>\n\n<span style=\"color: #999999;\">2011 Alicantinos en el Cine. Cineastas en Alicante (Espa\u00f1a) Libro ISBN: 978-84-9948-244-6<\/span>\n\n<span style=\"color: #999999;\">2011 87 Sal\u00f3n Internacional de Fotograf\u00eda Zaragoza 2011 (Espa\u00f1a) Cat\u00e1logo ISBN: 978-84-8069-568-8<\/span>\n\n<span style=\"color: #999999;\">2011 6th International Exhibition of Art Photography, Kumanovo 2011(Macedonia) ISBN: 978-608-65351-0-0<\/span>\n\n<span style=\"color: #999999;\">2010 Sentimientos Fotogr\u00e1ficos (Espa\u00f1a) Cat\u00e1logo ISBN : 978-84-96979-86-4<\/span>\n\n<span style=\"color: #999999;\">2011 Yuanlin International Exhibition of Photography (Taiwan) Cat\u00e1logo ISBN: 978-986-03-0325-4<\/span>\n\n<span style=\"color: #999999;\">2011 Photogram Salon 2011 (Serbia) Cat\u00e1logo ISBN: 978-86-903551-5-0<\/span>\n\n<span style=\"color: #999999;\">2011 XXXIX Trofeo Gipuzkoa Internacional (Espa\u00f1a) Cat\u00e1logo Dep\u00f3sito Legal: SS-1580-2011<\/span>\n\n<span style=\"color: #999999;\">2010 \u201cUMH, Im\u00e1genes de un espacio, la Universidad habitada\u201d (Espa\u00f1a) Cat\u00e1logo ISBN: 978-84-937416-8-6<\/span>\n<h3><\/h3>","_et_gb_content_width":"","footnotes":""},"class_list":["post-16","page","type-page","status-publish","hentry"],"yoast_head":"<!-- This site is optimized with the Yoast SEO plugin v27.5 - https:\/\/yoast.com\/product\/yoast-seo-wordpress\/ -->\n<title>In\u00e9s Gil Herrera fotograf\u00eda<\/title>\n<meta name=\"description\" content=\"Dejar\u00e9 que mis fotograf\u00edas hablen sobre mi ya que, como dice Lewis Hine Si pudiera contarlo con palabras no me ser\u00eda necesario cargar con una c\u00e1mara.\" \/>\n<meta name=\"robots\" content=\"index, follow, max-snippet:-1, max-image-preview:large, max-video-preview:-1\" \/>\n<link rel=\"canonical\" href=\"https:\/\/inesgilh.com\/?page_id=16\" \/>\n<meta property=\"og:locale\" content=\"es_ES\" \/>\n<meta property=\"og:type\" content=\"article\" \/>\n<meta property=\"og:title\" content=\"In\u00e9s Gil Herrera fotograf\u00eda\" \/>\n<meta property=\"og:description\" content=\"Dejar\u00e9 que mis fotograf\u00edas hablen sobre mi ya que, como dice Lewis Hine Si pudiera contarlo con palabras no me ser\u00eda necesario cargar con una c\u00e1mara.\" \/>\n<meta property=\"og:url\" content=\"https:\/\/inesgilh.com\/?page_id=16\" \/>\n<meta property=\"og:site_name\" content=\"FOTOEXPRESIONES\" \/>\n<meta property=\"article:publisher\" content=\"https:\/\/www.facebook.com\/fotoxpresiones\/\" \/>\n<meta property=\"article:modified_time\" content=\"2020-07-02T15:09:10+00:00\" \/>\n<meta property=\"og:image\" content=\"https:\/\/inesgilh.com\/wp-content\/uploads\/2019\/01\/sin-t\u00edtulo-6668-150x150.jpg\" \/>\n<meta name=\"twitter:label1\" content=\"Tiempo de lectura\" \/>\n\t<meta name=\"twitter:data1\" content=\"4 minutos\" \/>\n<script type=\"application\/ld+json\" class=\"yoast-schema-graph\">{\"@context\":\"https:\\\/\\\/schema.org\",\"@graph\":[{\"@type\":\"WebPage\",\"@id\":\"https:\\\/\\\/inesgilh.com\\\/?page_id=16\",\"url\":\"https:\\\/\\\/inesgilh.com\\\/?page_id=16\",\"name\":\"In\u00e9s Gil Herrera fotograf\u00eda\",\"isPartOf\":{\"@id\":\"https:\\\/\\\/inesgilh.com\\\/#website\"},\"datePublished\":\"2014-10-23T13:47:00+00:00\",\"dateModified\":\"2020-07-02T15:09:10+00:00\",\"description\":\"Dejar\u00e9 que mis fotograf\u00edas hablen sobre mi ya que, como dice Lewis Hine Si pudiera contarlo con palabras no me ser\u00eda necesario cargar con una c\u00e1mara.\",\"breadcrumb\":{\"@id\":\"https:\\\/\\\/inesgilh.com\\\/?page_id=16#breadcrumb\"},\"inLanguage\":\"es\",\"potentialAction\":[{\"@type\":\"ReadAction\",\"target\":[\"https:\\\/\\\/inesgilh.com\\\/?page_id=16\"]}]},{\"@type\":\"BreadcrumbList\",\"@id\":\"https:\\\/\\\/inesgilh.com\\\/?page_id=16#breadcrumb\",\"itemListElement\":[{\"@type\":\"ListItem\",\"position\":1,\"name\":\"Portada\",\"item\":\"https:\\\/\\\/inesgilh.com\\\/\"},{\"@type\":\"ListItem\",\"position\":2,\"name\":\"Inesgilh\"}]},{\"@type\":\"WebSite\",\"@id\":\"https:\\\/\\\/inesgilh.com\\\/#website\",\"url\":\"https:\\\/\\\/inesgilh.com\\\/\",\"name\":\"FOTOEXPRESIONES\",\"description\":\"In\u00e9s Gil Herrera -  Fotograf\u00eda\",\"potentialAction\":[{\"@type\":\"SearchAction\",\"target\":{\"@type\":\"EntryPoint\",\"urlTemplate\":\"https:\\\/\\\/inesgilh.com\\\/?s={search_term_string}\"},\"query-input\":{\"@type\":\"PropertyValueSpecification\",\"valueRequired\":true,\"valueName\":\"search_term_string\"}}],\"inLanguage\":\"es\"}]}<\/script>\n<!-- \/ Yoast SEO plugin. -->","yoast_head_json":{"title":"In\u00e9s Gil Herrera fotograf\u00eda","description":"Dejar\u00e9 que mis fotograf\u00edas hablen sobre mi ya que, como dice Lewis Hine Si pudiera contarlo con palabras no me ser\u00eda necesario cargar con una c\u00e1mara.","robots":{"index":"index","follow":"follow","max-snippet":"max-snippet:-1","max-image-preview":"max-image-preview:large","max-video-preview":"max-video-preview:-1"},"canonical":"https:\/\/inesgilh.com\/?page_id=16","og_locale":"es_ES","og_type":"article","og_title":"In\u00e9s Gil Herrera fotograf\u00eda","og_description":"Dejar\u00e9 que mis fotograf\u00edas hablen sobre mi ya que, como dice Lewis Hine Si pudiera contarlo con palabras no me ser\u00eda necesario cargar con una c\u00e1mara.","og_url":"https:\/\/inesgilh.com\/?page_id=16","og_site_name":"FOTOEXPRESIONES","article_publisher":"https:\/\/www.facebook.com\/fotoxpresiones\/","article_modified_time":"2020-07-02T15:09:10+00:00","og_image":[{"url":"https:\/\/inesgilh.com\/wp-content\/uploads\/2019\/01\/sin-t\u00edtulo-6668-150x150.jpg","type":"","width":"","height":""}],"twitter_misc":{"Tiempo de lectura":"4 minutos"},"schema":{"@context":"https:\/\/schema.org","@graph":[{"@type":"WebPage","@id":"https:\/\/inesgilh.com\/?page_id=16","url":"https:\/\/inesgilh.com\/?page_id=16","name":"In\u00e9s Gil Herrera fotograf\u00eda","isPartOf":{"@id":"https:\/\/inesgilh.com\/#website"},"datePublished":"2014-10-23T13:47:00+00:00","dateModified":"2020-07-02T15:09:10+00:00","description":"Dejar\u00e9 que mis fotograf\u00edas hablen sobre mi ya que, como dice Lewis Hine Si pudiera contarlo con palabras no me ser\u00eda necesario cargar con una c\u00e1mara.","breadcrumb":{"@id":"https:\/\/inesgilh.com\/?page_id=16#breadcrumb"},"inLanguage":"es","potentialAction":[{"@type":"ReadAction","target":["https:\/\/inesgilh.com\/?page_id=16"]}]},{"@type":"BreadcrumbList","@id":"https:\/\/inesgilh.com\/?page_id=16#breadcrumb","itemListElement":[{"@type":"ListItem","position":1,"name":"Portada","item":"https:\/\/inesgilh.com\/"},{"@type":"ListItem","position":2,"name":"Inesgilh"}]},{"@type":"WebSite","@id":"https:\/\/inesgilh.com\/#website","url":"https:\/\/inesgilh.com\/","name":"FOTOEXPRESIONES","description":"In\u00e9s Gil Herrera -  Fotograf\u00eda","potentialAction":[{"@type":"SearchAction","target":{"@type":"EntryPoint","urlTemplate":"https:\/\/inesgilh.com\/?s={search_term_string}"},"query-input":{"@type":"PropertyValueSpecification","valueRequired":true,"valueName":"search_term_string"}}],"inLanguage":"es"}]}},"_links":{"self":[{"href":"https:\/\/inesgilh.com\/index.php?rest_route=\/wp\/v2\/pages\/16","targetHints":{"allow":["GET"]}}],"collection":[{"href":"https:\/\/inesgilh.com\/index.php?rest_route=\/wp\/v2\/pages"}],"about":[{"href":"https:\/\/inesgilh.com\/index.php?rest_route=\/wp\/v2\/types\/page"}],"author":[{"embeddable":true,"href":"https:\/\/inesgilh.com\/index.php?rest_route=\/wp\/v2\/users\/1"}],"replies":[{"embeddable":true,"href":"https:\/\/inesgilh.com\/index.php?rest_route=%2Fwp%2Fv2%2Fcomments&post=16"}],"version-history":[{"count":6,"href":"https:\/\/inesgilh.com\/index.php?rest_route=\/wp\/v2\/pages\/16\/revisions"}],"predecessor-version":[{"id":1466,"href":"https:\/\/inesgilh.com\/index.php?rest_route=\/wp\/v2\/pages\/16\/revisions\/1466"}],"wp:attachment":[{"href":"https:\/\/inesgilh.com\/index.php?rest_route=%2Fwp%2Fv2%2Fmedia&parent=16"}],"curies":[{"name":"wp","href":"https:\/\/api.w.org\/{rel}","templated":true}]}}