{"id":31,"date":"2014-10-24T13:22:55","date_gmt":"2014-10-24T11:22:55","guid":{"rendered":"http:\/\/inesgilh.com\/?page_id=31"},"modified":"2020-07-01T19:16:42","modified_gmt":"2020-07-01T17:16:42","slug":"fotoexpresiones-2","status":"publish","type":"page","link":"https:\/\/inesgilh.com\/?page_id=31","title":{"rendered":"Fotoexpresiones"},"content":{"rendered":"<p>[et_pb_section fb_built=\u00bb1&#8243; admin_label=\u00bbsection\u00bb _builder_version=\u00bb4.4.8&#8243; hover_enabled=\u00bb0&#8243; background_enable_image=\u00bboff\u00bb background_color=\u00bb#ffffff\u00bb use_background_color_gradient=\u00bbon\u00bb background_color_gradient_direction=\u00bb170deg\u00bb background_color_gradient_start=\u00bb#00dcf4&#8243; background_color_gradient_end=\u00bbrgba(0,47,66,0.82)\u00bb top_divider_style=\u00bbcurve2&#8243; bottom_divider_style=\u00bbwave\u00bb prev_background_color=\u00bb#ffffff\u00bb next_background_color=\u00bb#ffffff\u00bb][\/et_pb_section][et_pb_section fb_built=\u00bb1&#8243; admin_label=\u00bbsection\u00bb _builder_version=\u00bb4.4.8&#8243; hover_enabled=\u00bb0&#8243; background_enable_image=\u00bboff\u00bb background_color=\u00bb#ffffff\u00bb][et_pb_row admin_label=\u00bbrow\u00bb _builder_version=\u00bb3.25&#8243; background_size=\u00bbinitial\u00bb background_position=\u00bbtop_left\u00bb background_repeat=\u00bbrepeat\u00bb][et_pb_column type=\u00bb4_4&#8243; _builder_version=\u00bb3.25&#8243; custom_padding=\u00bb|||\u00bb custom_padding__hover=\u00bb|||\u00bb][et_pb_text admin_label=\u00bbText\u00bb _builder_version=\u00bb3.27.4&#8243; background_size=\u00bbinitial\u00bb background_position=\u00bbtop_left\u00bb background_repeat=\u00bbrepeat\u00bb]<\/p>\n<p style=\"text-align: center;\"><strong><em><span style=\"color: #999999;\">En el fondo -o en el l\u00edmite- para ver bien una foto vale m\u00e1s levantar la cabeza o cerrar los ojos (cerrar los ojos es hacer hablar a la imagen en silencio)<\/span><br \/>\n<\/em><\/strong><\/p>\n<p style=\"text-align: center;\"><span style=\"color: #999999;\">Roland Barthes<\/span><\/p>\n<p class=\"txt_blanco_izq\" align=\"justify\">Todo lo que nuestros sentidos captan es ef\u00edmero. Cada segundo que pasa es irrepetible. En cada momento, una misma canci\u00f3n puede despertar distintos sentimientos y otra evocar siempre un mismo recuerdo. Un aroma, un sabor nos pueden transportar a\u00a0 lugares remotos. Cada caricia nos provoca distintas sensaciones.<\/p>\n<p style=\"text-align: justify;\">Con lo que vemos pasa exactamente igual. Una fotograf\u00eda nos da una imagen determinada, mas el \u201ctodo\u201d que nuestros sentidos captan en cada momento no se puede trasladar a una fotograf\u00eda ni volver a vivir exactamente igual.<\/p>\n<p style=\"text-align: justify;\">Pero\u2026 Pero (casi siempre hay un \u201cpero\u201d para todo), que no se puedan re-vivir los momentos no significa que no se puedan SENTIR; as\u00ed, el poder emotivo de caricias, aromas, canciones o sabores no se escapa, ni mucho menos, lo que vemos en las fotograf\u00edas.<\/p>\n<p>Es precisamente este poder emotivo que tiene la fotograf\u00eda, el que me ha llevado a expresarme a trav\u00e9s de este medio.<\/p>\n<h6 class=\"txt_blanco_izq\" style=\"text-align: center;\" align=\"justify\"><span style=\"color: #999999;\"><strong><em>\u00a0<\/em><\/strong><em><strong>Si pudiera contarlo con palabras no me ser\u00eda necesario cargar con una c\u00e1mara<\/strong>\u00a0<\/em><\/span><\/h6>\n<h6 class=\"txt_blanco_izq\" style=\"text-align: center;\" align=\"justify\"><span style=\"color: #999999;\">(Lewis Hine)<\/span><\/h6>\n<p class=\"txt_blanco_izq_cursiva_centrado\" align=\"center\">\n<p>[\/et_pb_text][\/et_pb_column][\/et_pb_row][\/et_pb_section]<\/p>\n","protected":false},"excerpt":{"rendered":"<p>[et_pb_section fb_built=\u00bb1&#8243; admin_label=\u00bbsection\u00bb _builder_version=\u00bb4.4.8&#8243; hover_enabled=\u00bb0&#8243; background_enable_image=\u00bboff\u00bb background_color=\u00bb#ffffff\u00bb use_background_color_gradient=\u00bbon\u00bb background_color_gradient_direction=\u00bb170deg\u00bb background_color_gradient_start=\u00bb#00dcf4&#8243; background_color_gradient_end=\u00bbrgba(0,47,66,0.82)\u00bb top_divider_style=\u00bbcurve2&#8243; bottom_divider_style=\u00bbwave\u00bb prev_background_color=\u00bb#ffffff\u00bb next_background_color=\u00bb#ffffff\u00bb][\/et_pb_section][et_pb_section fb_built=\u00bb1&#8243; admin_label=\u00bbsection\u00bb _builder_version=\u00bb4.4.8&#8243; hover_enabled=\u00bb0&#8243; background_enable_image=\u00bboff\u00bb background_color=\u00bb#ffffff\u00bb][et_pb_row admin_label=\u00bbrow\u00bb _builder_version=\u00bb3.25&#8243; background_size=\u00bbinitial\u00bb background_position=\u00bbtop_left\u00bb background_repeat=\u00bbrepeat\u00bb][et_pb_column type=\u00bb4_4&#8243; _builder_version=\u00bb3.25&#8243; custom_padding=\u00bb|||\u00bb custom_padding__hover=\u00bb|||\u00bb][et_pb_text admin_label=\u00bbText\u00bb _builder_version=\u00bb3.27.4&#8243; background_size=\u00bbinitial\u00bb background_position=\u00bbtop_left\u00bb background_repeat=\u00bbrepeat\u00bb] En el fondo -o en el l\u00edmite- para ver bien una foto vale m\u00e1s levantar la cabeza o cerrar los [&hellip;]<\/p>\n","protected":false},"author":1,"featured_media":0,"parent":0,"menu_order":0,"comment_status":"closed","ping_status":"closed","template":"","meta":{"_et_pb_use_builder":"on","_et_pb_old_content":"<p style=\"text-align: center;\"><strong><em><span style=\"color: #999999;\">En el fondo -o en el l\u00edmite- para ver bien una foto vale m\u00e1s levantar la cabeza o cerrar los ojos (cerrar los ojos es hacer hablar a la imagen en silencio)<\/span>\r\n<\/em><\/strong><\/p>\r\n<p style=\"text-align: center;\"><span style=\"color: #999999;\">Roland Barthes<\/span><\/p>\r\n<p class=\"txt_blanco_izq\" align=\"justify\">Todo lo que nuestros sentidos captan es ef\u00edmero. Cada segundo que pasa es irrepetible. En cada momento, una misma canci\u00f3n puede despertar distintos sentimientos y otra evocar siempre un mismo recuerdo. Un aroma, un sabor nos pueden transportar a\u00a0 lugares remotos. Cada caricia nos provoca distintas sensaciones.<\/p>\r\n<p style=\"text-align: justify;\">Con lo que vemos pasa exactamente igual. Una fotograf\u00eda nos da una imagen determinada, mas el \u201ctodo\u201d que nuestros sentidos captan en cada momento no se puede trasladar a una fotograf\u00eda ni volver a vivir exactamente igual.<\/p>\r\n<p style=\"text-align: justify;\">Pero\u2026 Pero (casi siempre hay un \u201cpero\u201d para todo), que no se puedan re-vivir los momentos no significa que no se puedan SENTIR; as\u00ed, el poder emotivo de caricias, aromas, canciones o sabores no se escapa, ni mucho menos, lo que vemos en las fotograf\u00edas.<\/p>\r\nEs precisamente este poder emotivo que tiene la fotograf\u00eda, el que me ha llevado a expresarme a trav\u00e9s de este medio.\r\n<h6 class=\"txt_blanco_izq\" style=\"text-align: center;\" align=\"justify\"><span style=\"color: #999999;\"><strong><em>\u00a0<\/em><\/strong><em><strong>Si pudiera contarlo con palabras no me ser\u00eda necesario cargar con una c\u00e1mara<\/strong>\u00a0<\/em><\/span><\/h6>\r\n<h6 class=\"txt_blanco_izq\" style=\"text-align: center;\" align=\"justify\"><span style=\"color: #999999;\">(Lewis Hine)<\/span><\/h6>\r\n<p class=\"txt_blanco_izq_cursiva_centrado\" align=\"center\"><\/p>","_et_gb_content_width":"","footnotes":""},"class_list":["post-31","page","type-page","status-publish","hentry"],"yoast_head":"<!-- This site is optimized with the Yoast SEO plugin v27.5 - https:\/\/yoast.com\/product\/yoast-seo-wordpress\/ -->\n<title>Galer\u00eda Fotogr\u00e1fica de Inesgilh<\/title>\n<meta name=\"description\" content=\"Bienvenido a mi galer\u00eda fotogr\u00e1fica. Como dice Roland Barthes: &quot;para ver bien una foto vale m\u00e1s levantar la cabeza o cerrar los ojos..\" \/>\n<meta name=\"robots\" content=\"index, follow, max-snippet:-1, max-image-preview:large, max-video-preview:-1\" \/>\n<link rel=\"canonical\" href=\"https:\/\/inesgilh.com\/?page_id=31\" \/>\n<meta property=\"og:locale\" content=\"es_ES\" \/>\n<meta property=\"og:type\" content=\"article\" \/>\n<meta property=\"og:title\" content=\"Galer\u00eda Fotogr\u00e1fica de Inesgilh\" \/>\n<meta property=\"og:description\" content=\"Bienvenido a mi galer\u00eda fotogr\u00e1fica. Como dice Roland Barthes: &quot;para ver bien una foto vale m\u00e1s levantar la cabeza o cerrar los ojos..\" \/>\n<meta property=\"og:url\" content=\"https:\/\/inesgilh.com\/?page_id=31\" \/>\n<meta property=\"og:site_name\" content=\"FOTOEXPRESIONES\" \/>\n<meta property=\"article:publisher\" content=\"https:\/\/www.facebook.com\/fotoxpresiones\/\" \/>\n<meta property=\"article:modified_time\" content=\"2020-07-01T17:16:42+00:00\" \/>\n<meta name=\"twitter:label1\" content=\"Tiempo de lectura\" \/>\n\t<meta name=\"twitter:data1\" content=\"2 minutos\" \/>\n<script type=\"application\/ld+json\" class=\"yoast-schema-graph\">{\"@context\":\"https:\\\/\\\/schema.org\",\"@graph\":[{\"@type\":\"WebPage\",\"@id\":\"https:\\\/\\\/inesgilh.com\\\/?page_id=31\",\"url\":\"https:\\\/\\\/inesgilh.com\\\/?page_id=31\",\"name\":\"Galer\u00eda Fotogr\u00e1fica de Inesgilh\",\"isPartOf\":{\"@id\":\"https:\\\/\\\/inesgilh.com\\\/#website\"},\"datePublished\":\"2014-10-24T11:22:55+00:00\",\"dateModified\":\"2020-07-01T17:16:42+00:00\",\"description\":\"Bienvenido a mi galer\u00eda fotogr\u00e1fica. Como dice Roland Barthes: \\\"para ver bien una foto vale m\u00e1s levantar la cabeza o cerrar los ojos..\",\"breadcrumb\":{\"@id\":\"https:\\\/\\\/inesgilh.com\\\/?page_id=31#breadcrumb\"},\"inLanguage\":\"es\",\"potentialAction\":[{\"@type\":\"ReadAction\",\"target\":[\"https:\\\/\\\/inesgilh.com\\\/?page_id=31\"]}]},{\"@type\":\"BreadcrumbList\",\"@id\":\"https:\\\/\\\/inesgilh.com\\\/?page_id=31#breadcrumb\",\"itemListElement\":[{\"@type\":\"ListItem\",\"position\":1,\"name\":\"Portada\",\"item\":\"https:\\\/\\\/inesgilh.com\\\/\"},{\"@type\":\"ListItem\",\"position\":2,\"name\":\"Fotoexpresiones\"}]},{\"@type\":\"WebSite\",\"@id\":\"https:\\\/\\\/inesgilh.com\\\/#website\",\"url\":\"https:\\\/\\\/inesgilh.com\\\/\",\"name\":\"FOTOEXPRESIONES\",\"description\":\"In\u00e9s Gil Herrera -  Fotograf\u00eda\",\"potentialAction\":[{\"@type\":\"SearchAction\",\"target\":{\"@type\":\"EntryPoint\",\"urlTemplate\":\"https:\\\/\\\/inesgilh.com\\\/?s={search_term_string}\"},\"query-input\":{\"@type\":\"PropertyValueSpecification\",\"valueRequired\":true,\"valueName\":\"search_term_string\"}}],\"inLanguage\":\"es\"}]}<\/script>\n<!-- \/ Yoast SEO plugin. -->","yoast_head_json":{"title":"Galer\u00eda Fotogr\u00e1fica de Inesgilh","description":"Bienvenido a mi galer\u00eda fotogr\u00e1fica. Como dice Roland Barthes: \"para ver bien una foto vale m\u00e1s levantar la cabeza o cerrar los ojos..","robots":{"index":"index","follow":"follow","max-snippet":"max-snippet:-1","max-image-preview":"max-image-preview:large","max-video-preview":"max-video-preview:-1"},"canonical":"https:\/\/inesgilh.com\/?page_id=31","og_locale":"es_ES","og_type":"article","og_title":"Galer\u00eda Fotogr\u00e1fica de Inesgilh","og_description":"Bienvenido a mi galer\u00eda fotogr\u00e1fica. Como dice Roland Barthes: \"para ver bien una foto vale m\u00e1s levantar la cabeza o cerrar los ojos..","og_url":"https:\/\/inesgilh.com\/?page_id=31","og_site_name":"FOTOEXPRESIONES","article_publisher":"https:\/\/www.facebook.com\/fotoxpresiones\/","article_modified_time":"2020-07-01T17:16:42+00:00","twitter_misc":{"Tiempo de lectura":"2 minutos"},"schema":{"@context":"https:\/\/schema.org","@graph":[{"@type":"WebPage","@id":"https:\/\/inesgilh.com\/?page_id=31","url":"https:\/\/inesgilh.com\/?page_id=31","name":"Galer\u00eda Fotogr\u00e1fica de Inesgilh","isPartOf":{"@id":"https:\/\/inesgilh.com\/#website"},"datePublished":"2014-10-24T11:22:55+00:00","dateModified":"2020-07-01T17:16:42+00:00","description":"Bienvenido a mi galer\u00eda fotogr\u00e1fica. Como dice Roland Barthes: \"para ver bien una foto vale m\u00e1s levantar la cabeza o cerrar los ojos..","breadcrumb":{"@id":"https:\/\/inesgilh.com\/?page_id=31#breadcrumb"},"inLanguage":"es","potentialAction":[{"@type":"ReadAction","target":["https:\/\/inesgilh.com\/?page_id=31"]}]},{"@type":"BreadcrumbList","@id":"https:\/\/inesgilh.com\/?page_id=31#breadcrumb","itemListElement":[{"@type":"ListItem","position":1,"name":"Portada","item":"https:\/\/inesgilh.com\/"},{"@type":"ListItem","position":2,"name":"Fotoexpresiones"}]},{"@type":"WebSite","@id":"https:\/\/inesgilh.com\/#website","url":"https:\/\/inesgilh.com\/","name":"FOTOEXPRESIONES","description":"In\u00e9s Gil Herrera -  Fotograf\u00eda","potentialAction":[{"@type":"SearchAction","target":{"@type":"EntryPoint","urlTemplate":"https:\/\/inesgilh.com\/?s={search_term_string}"},"query-input":{"@type":"PropertyValueSpecification","valueRequired":true,"valueName":"search_term_string"}}],"inLanguage":"es"}]}},"_links":{"self":[{"href":"https:\/\/inesgilh.com\/index.php?rest_route=\/wp\/v2\/pages\/31","targetHints":{"allow":["GET"]}}],"collection":[{"href":"https:\/\/inesgilh.com\/index.php?rest_route=\/wp\/v2\/pages"}],"about":[{"href":"https:\/\/inesgilh.com\/index.php?rest_route=\/wp\/v2\/types\/page"}],"author":[{"embeddable":true,"href":"https:\/\/inesgilh.com\/index.php?rest_route=\/wp\/v2\/users\/1"}],"replies":[{"embeddable":true,"href":"https:\/\/inesgilh.com\/index.php?rest_route=%2Fwp%2Fv2%2Fcomments&post=31"}],"version-history":[{"count":2,"href":"https:\/\/inesgilh.com\/index.php?rest_route=\/wp\/v2\/pages\/31\/revisions"}],"predecessor-version":[{"id":1389,"href":"https:\/\/inesgilh.com\/index.php?rest_route=\/wp\/v2\/pages\/31\/revisions\/1389"}],"wp:attachment":[{"href":"https:\/\/inesgilh.com\/index.php?rest_route=%2Fwp%2Fv2%2Fmedia&parent=31"}],"curies":[{"name":"wp","href":"https:\/\/api.w.org\/{rel}","templated":true}]}}