{"id":328,"date":"2015-06-15T17:42:58","date_gmt":"2015-06-15T15:42:58","guid":{"rendered":"http:\/\/inesgilh.com\/?page_id=328"},"modified":"2020-07-02T11:35:54","modified_gmt":"2020-07-02T09:35:54","slug":"fotografia-nocturna","status":"publish","type":"page","link":"https:\/\/inesgilh.com\/?page_id=328","title":{"rendered":"Vision_es"},"content":{"rendered":"<p>[et_pb_section fb_built=\u00bb1&#8243; next_background_color=\u00bb#000000&#8243; _builder_version=\u00bb4.4.8&#8243; background_color=\u00bbrgba(0,0,0,0)\u00bb use_background_color_gradient=\u00bbon\u00bb background_color_gradient_start=\u00bb#0147bf\u00bb background_color_gradient_end=\u00bb#000000&#8243; background_color_gradient_direction=\u00bb142deg\u00bb background_color_gradient_start_position=\u00bb22%\u00bb background_enable_image=\u00bboff\u00bb min_height=\u00bb300px\u00bb height=\u00bb300px\u00bb max_height=\u00bb336px\u00bb custom_padding=\u00bb52px|||||\u00bb bottom_divider_style=\u00bbwave2&#8243;][et_pb_row _builder_version=\u00bb4.4.8&#8243; background_size=\u00bbinitial\u00bb background_position=\u00bbtop_left\u00bb background_repeat=\u00bbrepeat\u00bb min_height=\u00bb268px\u00bb][et_pb_column type=\u00bb4_4&#8243; _builder_version=\u00bb3.25&#8243; custom_padding=\u00bb|||\u00bb custom_padding__hover=\u00bb|||\u00bb][et_pb_text _builder_version=\u00bb4.4.8&#8243; text_font=\u00bbCaveat||||||||\u00bb text_text_color=\u00bb#ffffff\u00bb text_font_size=\u00bb49px\u00bb text_text_shadow_style=\u00bbpreset2&#8243; hover_enabled=\u00bb0&#8243;]<\/p>\n<p style=\"text-align: center;\">Nocturnidad_es<\/p>\n<p>[\/et_pb_text][et_pb_text _builder_version=\u00bb4.4.8&#8243; text_font=\u00bbCaveat||||||||\u00bb text_text_color=\u00bb#ffffff\u00bb text_font_size=\u00bb34px\u00bb text_text_shadow_style=\u00bbpreset2&#8243; hover_enabled=\u00bb0&#8243;]<\/p>\n<p style=\"text-align: center;\">El silencio viste a la noche de elegantes colores<\/p>\n<p>[\/et_pb_text][\/et_pb_column][\/et_pb_row][et_pb_row _builder_version=\u00bb4.4.8&#8243;][et_pb_column type=\u00bb4_4&#8243; _builder_version=\u00bb4.4.8&#8243;][et_pb_gallery gallery_ids=\u00bb1374,711,709,710,360,348,346,364,335,338,352,343,331,341,334,329&#8243; posts_number=\u00bb16&#8243; show_title_and_caption=\u00bboff\u00bb show_pagination=\u00bboff\u00bb zoom_icon_color=\u00bbrgba(255,255,255,0.35)\u00bb hover_overlay_color=\u00bbrgba(12,113,195,0.44)\u00bb hover_icon=\u00bb%%52%%\u00bb _builder_version=\u00bb4.4.8&#8243; hover_enabled=\u00bb0&#8243; border_width_all=\u00bb2px\u00bb][\/et_pb_gallery][\/et_pb_column][\/et_pb_row][\/et_pb_section][et_pb_section fb_built=\u00bb1&#8243; admin_label=\u00bbsection\u00bb _builder_version=\u00bb4.4.8&#8243; background_color=\u00bb#000000&#8243; background_enable_image=\u00bboff\u00bb min_height=\u00bb1344px\u00bb custom_margin=\u00bb||-45px|||\u00bb custom_padding=\u00bb||38px|||\u00bb][et_pb_row _builder_version=\u00bb4.4.8&#8243;][et_pb_column type=\u00bb4_4&#8243; _builder_version=\u00bb4.4.8&#8243;][et_pb_text _builder_version=\u00bb4.4.8&#8243; transform_translate=\u00bb0px|58px\u00bb transform_translate_linked=\u00bboff\u00bb]<\/p>\n<p>Conoc\u00ed la\u00a0<strong><a href=\"https:\/\/www.concursosdefotografia.com\/1er-tutorial-fotografia-nocturna\/\">fotograf\u00eda nocturna<\/a>\u00a0<\/strong>all\u00e1 por marzo de 2008. Un grupo llamado\u00a0<strong>Noct\u00e1mbulos<\/strong>\u00a0dio una charla y present\u00f3 un audiovisual sobre\u00a0<strong>fotograf\u00eda nocturna<\/strong>\u00a0en los\u00a0<strong>encuentros fotogr\u00e1ficos de Fotogenio<\/strong>\u00a0(Mazarr\u00f3n). Recuerdo que me qued\u00e9 impresionada al ver esas im\u00e1genes tan especiales, tan irreales y, sobre todo, al ver una fotograf\u00eda en la que las trazas de las estrellas formaban un c\u00edrculo (circumpolar). Enseguida pens\u00e9: \u00a1yo tengo que hacer eso! M\u00e1s tarde fue lo que menos hice. &#x1f609;.<\/p>\n<p>Me enamor\u00e9 del cielo nocturno, del inquietante silencio, de la magia de los colores, del contacto con la naturaleza&#8230;\u00a0<\/p>\n<p>&nbsp;<\/p>\n<p>[\/et_pb_text][\/et_pb_column][\/et_pb_row][\/et_pb_section]<\/p>\n","protected":false},"excerpt":{"rendered":"<p>[et_pb_section fb_built=\u00bb1&#8243; next_background_color=\u00bb#000000&#8243; _builder_version=\u00bb4.4.8&#8243; background_color=\u00bbrgba(0,0,0,0)\u00bb use_background_color_gradient=\u00bbon\u00bb background_color_gradient_start=\u00bb#0147bf\u00bb background_color_gradient_end=\u00bb#000000&#8243; background_color_gradient_direction=\u00bb142deg\u00bb background_color_gradient_start_position=\u00bb22%\u00bb background_enable_image=\u00bboff\u00bb min_height=\u00bb300px\u00bb height=\u00bb300px\u00bb max_height=\u00bb336px\u00bb custom_padding=\u00bb52px|||||\u00bb bottom_divider_style=\u00bbwave2&#8243;][et_pb_row _builder_version=\u00bb4.4.8&#8243; background_size=\u00bbinitial\u00bb background_position=\u00bbtop_left\u00bb background_repeat=\u00bbrepeat\u00bb min_height=\u00bb268px\u00bb][et_pb_column type=\u00bb4_4&#8243; _builder_version=\u00bb3.25&#8243; custom_padding=\u00bb|||\u00bb custom_padding__hover=\u00bb|||\u00bb][et_pb_text _builder_version=\u00bb4.4.8&#8243; text_font=\u00bbCaveat||||||||\u00bb text_text_color=\u00bb#ffffff\u00bb text_font_size=\u00bb49px\u00bb text_text_shadow_style=\u00bbpreset2&#8243; hover_enabled=\u00bb0&#8243;] Nocturnidad_es [\/et_pb_text][et_pb_text _builder_version=\u00bb4.4.8&#8243; text_font=\u00bbCaveat||||||||\u00bb text_text_color=\u00bb#ffffff\u00bb text_font_size=\u00bb34px\u00bb text_text_shadow_style=\u00bbpreset2&#8243; hover_enabled=\u00bb0&#8243;] El silencio viste a la noche de elegantes colores [\/et_pb_text][\/et_pb_column][\/et_pb_row][et_pb_row _builder_version=\u00bb4.4.8&#8243;][et_pb_column type=\u00bb4_4&#8243; _builder_version=\u00bb4.4.8&#8243;][et_pb_gallery gallery_ids=\u00bb1374,711,709,710,360,348,346,364,335,338,352,343,331,341,334,329&#8243; posts_number=\u00bb16&#8243; show_title_and_caption=\u00bboff\u00bb [&hellip;]<\/p>\n","protected":false},"author":1,"featured_media":0,"parent":0,"menu_order":0,"comment_status":"closed","ping_status":"open","template":"","meta":{"_et_pb_use_builder":"on","_et_pb_old_content":"<p>La fotograf\u00eda nocturna nos ofrece visiones m\u00e1s all\u00e1 de lo real envolvi\u00e9ndonos en expresiones de color inimaginables.<\/p>\n<p>[gallery columns=\"6\" ids=\"330,360,364,710,709,711,346,344,338,339,350,349,348,342,340,347,352,341\"]<\/p>\n\n<!-- wp:paragraph -->\n<p>      Conoc\u00ed la&nbsp;<strong><a href=\"https:\/\/www.concursosdefotografia.com\/1er-tutorial-fotografia-nocturna\/\">fotograf\u00eda nocturna<\/a>&nbsp;<\/strong>all\u00e1 por marzo de 2008. Un grupo llamado&nbsp;<strong>Noct\u00e1mbulos<\/strong>&nbsp;dio una charla y present\u00f3 un audiovisual sobre&nbsp;<strong>fotograf\u00eda nocturna<\/strong>&nbsp;en los&nbsp;<strong>encuentros fotogr\u00e1ficos de Fotogenio<\/strong>&nbsp;(Mazarr\u00f3n). Recuerdo que me qued\u00e9 impresionada al ver esas im\u00e1genes tan especiales, tan irreales y, sobre todo, al ver una fotograf\u00eda en la que las trazas de las estrellas formaban un c\u00edrculo (circumpolar). Enseguida pens\u00e9: \u00a1yo tengo que hacer eso! <\/p>\n<!-- \/wp:paragraph -->","_et_gb_content_width":"","footnotes":""},"class_list":["post-328","page","type-page","status-publish","hentry"],"yoast_head":"<!-- This site is optimized with the Yoast SEO plugin v27.5 - https:\/\/yoast.com\/product\/yoast-seo-wordpress\/ -->\n<title>Vision_es (nocturnas) - Fotograf\u00eda nocturna de In\u00e9s Gil Herrera<\/title>\n<meta name=\"description\" content=\"La fotograf\u00eda nocturna nos ofrece im\u00e1genes m\u00e1s all\u00e1 de lo real envolvi\u00e9ndonos en expresiones de color inimaginables.\" \/>\n<meta name=\"robots\" content=\"index, follow, max-snippet:-1, max-image-preview:large, max-video-preview:-1\" \/>\n<link rel=\"canonical\" href=\"https:\/\/inesgilh.com\/?page_id=328\" \/>\n<meta property=\"og:locale\" content=\"es_ES\" \/>\n<meta property=\"og:type\" content=\"article\" \/>\n<meta property=\"og:title\" content=\"Vision_es (nocturnas) - Fotograf\u00eda nocturna de In\u00e9s Gil Herrera\" \/>\n<meta property=\"og:description\" content=\"La fotograf\u00eda nocturna nos ofrece im\u00e1genes m\u00e1s all\u00e1 de lo real envolvi\u00e9ndonos en expresiones de color inimaginables.\" \/>\n<meta property=\"og:url\" content=\"https:\/\/inesgilh.com\/?page_id=328\" \/>\n<meta property=\"og:site_name\" content=\"FOTOEXPRESIONES\" \/>\n<meta property=\"article:publisher\" content=\"https:\/\/www.facebook.com\/fotoxpresiones\/\" \/>\n<meta property=\"article:modified_time\" content=\"2020-07-02T09:35:54+00:00\" \/>\n<meta name=\"twitter:label1\" content=\"Tiempo de lectura\" \/>\n\t<meta name=\"twitter:data1\" content=\"2 minutos\" \/>\n<script type=\"application\/ld+json\" class=\"yoast-schema-graph\">{\"@context\":\"https:\\\/\\\/schema.org\",\"@graph\":[{\"@type\":\"WebPage\",\"@id\":\"https:\\\/\\\/inesgilh.com\\\/?page_id=328\",\"url\":\"https:\\\/\\\/inesgilh.com\\\/?page_id=328\",\"name\":\"Vision_es (nocturnas) - Fotograf\u00eda nocturna de In\u00e9s Gil Herrera\",\"isPartOf\":{\"@id\":\"https:\\\/\\\/inesgilh.com\\\/#website\"},\"datePublished\":\"2015-06-15T15:42:58+00:00\",\"dateModified\":\"2020-07-02T09:35:54+00:00\",\"description\":\"La fotograf\u00eda nocturna nos ofrece im\u00e1genes m\u00e1s all\u00e1 de lo real envolvi\u00e9ndonos en expresiones de color inimaginables.\",\"breadcrumb\":{\"@id\":\"https:\\\/\\\/inesgilh.com\\\/?page_id=328#breadcrumb\"},\"inLanguage\":\"es\",\"potentialAction\":[{\"@type\":\"ReadAction\",\"target\":[\"https:\\\/\\\/inesgilh.com\\\/?page_id=328\"]}]},{\"@type\":\"BreadcrumbList\",\"@id\":\"https:\\\/\\\/inesgilh.com\\\/?page_id=328#breadcrumb\",\"itemListElement\":[{\"@type\":\"ListItem\",\"position\":1,\"name\":\"Portada\",\"item\":\"https:\\\/\\\/inesgilh.com\\\/\"},{\"@type\":\"ListItem\",\"position\":2,\"name\":\"Vision_es\"}]},{\"@type\":\"WebSite\",\"@id\":\"https:\\\/\\\/inesgilh.com\\\/#website\",\"url\":\"https:\\\/\\\/inesgilh.com\\\/\",\"name\":\"FOTOEXPRESIONES\",\"description\":\"In\u00e9s Gil Herrera -  Fotograf\u00eda\",\"potentialAction\":[{\"@type\":\"SearchAction\",\"target\":{\"@type\":\"EntryPoint\",\"urlTemplate\":\"https:\\\/\\\/inesgilh.com\\\/?s={search_term_string}\"},\"query-input\":{\"@type\":\"PropertyValueSpecification\",\"valueRequired\":true,\"valueName\":\"search_term_string\"}}],\"inLanguage\":\"es\"}]}<\/script>\n<!-- \/ Yoast SEO plugin. -->","yoast_head_json":{"title":"Vision_es (nocturnas) - Fotograf\u00eda nocturna de In\u00e9s Gil Herrera","description":"La fotograf\u00eda nocturna nos ofrece im\u00e1genes m\u00e1s all\u00e1 de lo real envolvi\u00e9ndonos en expresiones de color inimaginables.","robots":{"index":"index","follow":"follow","max-snippet":"max-snippet:-1","max-image-preview":"max-image-preview:large","max-video-preview":"max-video-preview:-1"},"canonical":"https:\/\/inesgilh.com\/?page_id=328","og_locale":"es_ES","og_type":"article","og_title":"Vision_es (nocturnas) - Fotograf\u00eda nocturna de In\u00e9s Gil Herrera","og_description":"La fotograf\u00eda nocturna nos ofrece im\u00e1genes m\u00e1s all\u00e1 de lo real envolvi\u00e9ndonos en expresiones de color inimaginables.","og_url":"https:\/\/inesgilh.com\/?page_id=328","og_site_name":"FOTOEXPRESIONES","article_publisher":"https:\/\/www.facebook.com\/fotoxpresiones\/","article_modified_time":"2020-07-02T09:35:54+00:00","twitter_misc":{"Tiempo de lectura":"2 minutos"},"schema":{"@context":"https:\/\/schema.org","@graph":[{"@type":"WebPage","@id":"https:\/\/inesgilh.com\/?page_id=328","url":"https:\/\/inesgilh.com\/?page_id=328","name":"Vision_es (nocturnas) - Fotograf\u00eda nocturna de In\u00e9s Gil Herrera","isPartOf":{"@id":"https:\/\/inesgilh.com\/#website"},"datePublished":"2015-06-15T15:42:58+00:00","dateModified":"2020-07-02T09:35:54+00:00","description":"La fotograf\u00eda nocturna nos ofrece im\u00e1genes m\u00e1s all\u00e1 de lo real envolvi\u00e9ndonos en expresiones de color inimaginables.","breadcrumb":{"@id":"https:\/\/inesgilh.com\/?page_id=328#breadcrumb"},"inLanguage":"es","potentialAction":[{"@type":"ReadAction","target":["https:\/\/inesgilh.com\/?page_id=328"]}]},{"@type":"BreadcrumbList","@id":"https:\/\/inesgilh.com\/?page_id=328#breadcrumb","itemListElement":[{"@type":"ListItem","position":1,"name":"Portada","item":"https:\/\/inesgilh.com\/"},{"@type":"ListItem","position":2,"name":"Vision_es"}]},{"@type":"WebSite","@id":"https:\/\/inesgilh.com\/#website","url":"https:\/\/inesgilh.com\/","name":"FOTOEXPRESIONES","description":"In\u00e9s Gil Herrera -  Fotograf\u00eda","potentialAction":[{"@type":"SearchAction","target":{"@type":"EntryPoint","urlTemplate":"https:\/\/inesgilh.com\/?s={search_term_string}"},"query-input":{"@type":"PropertyValueSpecification","valueRequired":true,"valueName":"search_term_string"}}],"inLanguage":"es"}]}},"_links":{"self":[{"href":"https:\/\/inesgilh.com\/index.php?rest_route=\/wp\/v2\/pages\/328","targetHints":{"allow":["GET"]}}],"collection":[{"href":"https:\/\/inesgilh.com\/index.php?rest_route=\/wp\/v2\/pages"}],"about":[{"href":"https:\/\/inesgilh.com\/index.php?rest_route=\/wp\/v2\/types\/page"}],"author":[{"embeddable":true,"href":"https:\/\/inesgilh.com\/index.php?rest_route=\/wp\/v2\/users\/1"}],"replies":[{"embeddable":true,"href":"https:\/\/inesgilh.com\/index.php?rest_route=%2Fwp%2Fv2%2Fcomments&post=328"}],"version-history":[{"count":5,"href":"https:\/\/inesgilh.com\/index.php?rest_route=\/wp\/v2\/pages\/328\/revisions"}],"predecessor-version":[{"id":1402,"href":"https:\/\/inesgilh.com\/index.php?rest_route=\/wp\/v2\/pages\/328\/revisions\/1402"}],"wp:attachment":[{"href":"https:\/\/inesgilh.com\/index.php?rest_route=%2Fwp%2Fv2%2Fmedia&parent=328"}],"curies":[{"name":"wp","href":"https:\/\/api.w.org\/{rel}","templated":true}]}}