{"id":36,"date":"2014-10-24T13:15:35","date_gmt":"2014-10-24T11:15:35","guid":{"rendered":"http:\/\/inesgilh.com\/?page_id=36"},"modified":"2020-07-03T18:37:59","modified_gmt":"2020-07-03T16:37:59","slug":"fotografia-de-playa-larga-exposicion-diurna-fotografia-de-autor-ines-gil-h","status":"publish","type":"page","link":"https:\/\/inesgilh.com\/?page_id=36","title":{"rendered":"Soledad_es"},"content":{"rendered":"<p>[et_pb_section fb_built=\u00bb1&#8243; _builder_version=\u00bb4.1&#8243; background_color=\u00bb#ffffff\u00bb use_background_color_gradient=\u00bbon\u00bb background_color_gradient_start=\u00bb#6178A0&#8243; background_color_gradient_end=\u00bbrgba(37,72,135,0)\u00bb background_color_gradient_direction=\u00bb142deg\u00bb background_color_gradient_start_position=\u00bb22%\u00bb background_enable_image=\u00bboff\u00bb min_height=\u00bb300px\u00bb height=\u00bb300px\u00bb max_height=\u00bb336px\u00bb bottom_divider_style=\u00bbwave2&#8243; bottom_divider_color=\u00bb#ffffff\u00bb bottom_divider_flip=\u00bbvertical\u00bb][et_pb_row _builder_version=\u00bb4.1&#8243;][et_pb_column type=\u00bb4_4&#8243; _builder_version=\u00bb4.1&#8243;][et_pb_text _builder_version=\u00bb4.4.8&#8243; text_font=\u00bbCaveat||||||||\u00bb text_font_size=\u00bb37px\u00bb text_letter_spacing=\u00bb1px\u00bb transform_translate_linked=\u00bboff\u00bb text_orientation=\u00bbcenter\u00bb background_layout=\u00bbdark\u00bb custom_padding=\u00bb||2px|||\u00bb hover_enabled=\u00bb0&#8243; text_text_shadow_style=\u00bbpreset1&#8243; inline_fonts=\u00bbCaveat\u00bb]<\/p>\n<p>&nbsp;<\/p>\n<p><span style=\"font-size: xx-large;\"><em><span style=\"font-family: Caveat;\">Momentos que se desvanecen en un silencio de profundo azul<\/span><\/em><\/span><\/p>\n<p>[\/et_pb_text][\/et_pb_column][\/et_pb_row][et_pb_row _builder_version=\u00bb4.4.8&#8243;][et_pb_column _builder_version=\u00bb4.4.8&#8243; type=\u00bb4_4&#8243;][et_pb_text _builder_version=\u00bb4.4.8&#8243; text_text_color=\u00bb#ffffff\u00bb text_font=\u00bbCaveat||||||||\u00bb text_font_size=\u00bb55px\u00bb text_letter_spacing=\u00bb1px\u00bb text_text_shadow_style=\u00bbpreset2&#8243; transform_translate_linked=\u00bboff\u00bb transform_translate=\u00bb0px|-188px\u00bb hover_enabled=\u00bb0&#8243;]<\/p>\n<p style=\"text-align: center;\">Soledad_es<\/p>\n<p>[\/et_pb_text][\/et_pb_column][\/et_pb_row][\/et_pb_section][et_pb_section fb_built=\u00bb1&#8243; _builder_version=\u00bb4.2.2&#8243; background_color=\u00bb#ffffff\u00bb background_enable_image=\u00bboff\u00bb][et_pb_row use_custom_gutter=\u00bbon\u00bb gutter_width=\u00bb1&#8243; _builder_version=\u00bb4.2.2&#8243; max_width=\u00bb1200px\u00bb][et_pb_column type=\u00bb4_4&#8243; _builder_version=\u00bb4.2.2&#8243;][et_pb_gallery gallery_ids=\u00bb976,975,974,973,972,971,970,969,968,967,966,965,964,963,962&#8243; posts_number=\u00bb15&#8243; show_title_and_caption=\u00bboff\u00bb show_pagination=\u00bboff\u00bb zoom_icon_color=\u00bbrgba(255,255,255,0.3)\u00bb hover_overlay_color=\u00bbrgba(12,113,195,0.25)\u00bb hover_icon=\u00bb%%52%%\u00bb _builder_version=\u00bb4.4.8&#8243; custom_css_gallery_item=\u00bbmargin: 0 !important;||width: 20% !important;||clear: none !important;\u00bb border_width_all=\u00bb6px\u00bb border_color_all=\u00bb#ffffff\u00bb border_color_all_image=\u00bb#ffffff\u00bb box_shadow_style_image=\u00bbpreset2&#8243; box_shadow_blur_image=\u00bb6px\u00bb box_shadow_spread_image=\u00bb-3px\u00bb][\/et_pb_gallery][\/et_pb_column][\/et_pb_row][\/et_pb_section][et_pb_section fb_built=\u00bb1&#8243; _builder_version=\u00bb4.2.2&#8243; background_color=\u00bb#ffffff\u00bb background_enable_image=\u00bboff\u00bb transform_translate=\u00bb0px|-67px\u00bb transform_translate_linked=\u00bboff\u00bb][et_pb_row _builder_version=\u00bb4.2.2&#8243; max_width=\u00bb1200px\u00bb][et_pb_column type=\u00bb4_4&#8243; _builder_version=\u00bb4.2.2&#8243;][et_pb_text _builder_version=\u00bb4.4.8&#8243; text_font=\u00bbABeeZee||||||||\u00bb]<\/p>\n<p style=\"text-align: justify;\">La fotograf\u00eda diurna de larga exposici\u00f3n me ha permitido utilizar la playa como estudio fotogr\u00e1fico y mi c\u00e1mara como instrumento para retratar momentos de soledad serena.<\/p>\n<p style=\"text-align: justify;\">El aspecto on\u00edrico, las texturas indefinidas y la ausencia de sombras provocada por la b\u00fasqueda de la luz que nos regalan los d\u00edas nublados, act\u00faan como hilo conductor de un c\u00famulo de momentos que se desvanecen en un silencio de profundo azul.<\/p>\n<p style=\"text-align: center;\">\u00a0<em>\u00abEl mar desde tierra<\/em> <em>es\u00a0 y ha sido tema recurrente para todos los que queremos comunicar. En este caso, In\u00e9s, nos ofrece una visi\u00f3n\u00a0<\/em><em>atemporal de la relaci\u00f3n de \u00e9l con nosotros mismos.Lo humano siempre en primer t\u00e9rmino\u00a0 redimensiona un espacio de silencio, inabarcable y poderoso. \u00a0Un mar sin olas que cuestiona lo que de \u00e9l sabemos, sin aparente perspectiva y forzado a la ficci\u00f3n del plano. Dejarse llevar es f\u00e1cil. Avanzar en \u00e9l es f\u00e1cil. Sentir a trav\u00e9s de \u00e9l es f\u00e1cil. Es como mirar a un incierto futuro con serena quietud, de frente y sin aspavientos.<\/em><\/p>\n<p style=\"text-align: center;\"><em>Una composici\u00f3n exacta ralentiza todo de cuanto de natural tiene y te invita a la elevaci\u00f3n, aun cuando la horizontal domina la porci\u00f3n de paisaje que nos ofrece. Porque es arena virgen, y agua virgen y cielo puro. Nadie pis\u00f3 all\u00ed, y lo que hay\u2026 all\u00ed estaba.\u00a0Cada objeto se presenta como un posible YO, o mejor dicho:\u00a0T\u00da\u00bb.<\/em><\/p>\n<p style=\"text-align: center;\">(Extracto de texto por<a href=\"http:\/\/www.miguelba\u00f1uls.com\" target=\"_blank\" rel=\"noopener noreferrer\"> Miguel Ba\u00f1uls<\/a>)<\/p>\n<p>[\/et_pb_text][\/et_pb_column][\/et_pb_row][\/et_pb_section][et_pb_section fb_built=\u00bb1&#8243; _builder_version=\u00bb4.2.2&#8243; background_color=\u00bb#ffffff\u00bb background_enable_image=\u00bboff\u00bb transform_scale_linked=\u00bboff\u00bb transform_translate=\u00bb0px|-132px\u00bb transform_translate_linked=\u00bboff\u00bb][et_pb_row _builder_version=\u00bb4.2.2&#8243;][et_pb_column type=\u00bb4_4&#8243; _builder_version=\u00bb4.2.2&#8243;][et_pb_video src=\u00bbhttps:\/\/vimeo.com\/89241747&#8243; thumbnail_overlay_color=\u00bbrgba(0,0,0,0.6)\u00bb _builder_version=\u00bb4.2.2&#8243;][\/et_pb_video][\/et_pb_column][\/et_pb_row][\/et_pb_section]<\/p>\n","protected":false},"excerpt":{"rendered":"<p>[et_pb_section fb_built=\u00bb1&#8243; _builder_version=\u00bb4.1&#8243; background_color=\u00bb#ffffff\u00bb use_background_color_gradient=\u00bbon\u00bb background_color_gradient_start=\u00bb#6178A0&#8243; background_color_gradient_end=\u00bbrgba(37,72,135,0)\u00bb background_color_gradient_direction=\u00bb142deg\u00bb background_color_gradient_start_position=\u00bb22%\u00bb background_enable_image=\u00bboff\u00bb min_height=\u00bb300px\u00bb height=\u00bb300px\u00bb max_height=\u00bb336px\u00bb bottom_divider_style=\u00bbwave2&#8243; bottom_divider_color=\u00bb#ffffff\u00bb bottom_divider_flip=\u00bbvertical\u00bb][et_pb_row _builder_version=\u00bb4.1&#8243;][et_pb_column type=\u00bb4_4&#8243; _builder_version=\u00bb4.1&#8243;][et_pb_text _builder_version=\u00bb4.4.8&#8243; text_font=\u00bbCaveat||||||||\u00bb text_font_size=\u00bb37px\u00bb text_letter_spacing=\u00bb1px\u00bb transform_translate_linked=\u00bboff\u00bb text_orientation=\u00bbcenter\u00bb background_layout=\u00bbdark\u00bb custom_padding=\u00bb||2px|||\u00bb hover_enabled=\u00bb0&#8243; text_text_shadow_style=\u00bbpreset1&#8243; inline_fonts=\u00bbCaveat\u00bb] &nbsp; Momentos que se desvanecen en un silencio de profundo azul [\/et_pb_text][\/et_pb_column][\/et_pb_row][et_pb_row _builder_version=\u00bb4.4.8&#8243;][et_pb_column _builder_version=\u00bb4.4.8&#8243; type=\u00bb4_4&#8243;][et_pb_text _builder_version=\u00bb4.4.8&#8243; text_text_color=\u00bb#ffffff\u00bb text_font=\u00bbCaveat||||||||\u00bb text_font_size=\u00bb55px\u00bb text_letter_spacing=\u00bb1px\u00bb text_text_shadow_style=\u00bbpreset2&#8243; transform_translate_linked=\u00bboff\u00bb transform_translate=\u00bb0px|-188px\u00bb hover_enabled=\u00bb0&#8243;] Soledad_es [&hellip;]<\/p>\n","protected":false},"author":1,"featured_media":0,"parent":0,"menu_order":0,"comment_status":"closed","ping_status":"closed","template":"","meta":{"_et_pb_use_builder":"on","_et_pb_old_content":"[gallery columns=\"5\" link=\"file\" ids=\"111,120,118,114,116,112,113,130,682,131,237,684,378,381,379\"]\n<p style=\"text-align: justify;\">La fotograf\u00eda diurna de larga exposici\u00f3n me ha permitido utilizar la playa como estudio fotogr\u00e1fico y mi c\u00e1mara como instrumento para retratar momentos de soledad serena.<\/p>\n<p style=\"text-align: justify;\">El aspecto on\u00edrico, las texturas indefinidas y la ausencia de sombras provocada por la b\u00fasqueda de la luz que nos regalan los d\u00edas nublados, act\u00faan como hilo conductor de un c\u00famulo de momentos que se desvanecen en un silencio de profundo azul.<\/p>\n<em>\"El mar desde tierra<\/em> <em>es\u00a0 y ha sido tema recurrente para todos los que queremos comunicar. En este caso, In\u00e9s, nos ofrece una visi\u00f3n atemporal de la relaci\u00f3n de \u00e9l con nosotros mismos.Lo humano siempre en primer t\u00e9rmino\u00a0 redimensiona un espacio de silencio, inabarcable y poderoso. \u00a0Un mar sin olas que cuestiona lo que de \u00e9l sabemos, sin aparente perspectiva y forzado a la ficci\u00f3n del plano. Dejarse llevar es f\u00e1cil. Avanzar en \u00e9l es f\u00e1cil. Sentir a trav\u00e9s de \u00e9l es f\u00e1cil. Es como mirar a un incierto futuro con serena quietud, de frente y sin aspavientos.<\/em>\n\n<em>Una composici\u00f3n exacta ralentiza todo de cuanto de natural tiene y te invita a la elevaci\u00f3n, aun cuando la horizontal domina la porci\u00f3n de paisaje que nos ofrece. Porque es arena virgen, y agua virgen y cielo puro. Nadie pis\u00f3 all\u00ed, y lo que hay\u2026 all\u00ed estaba.\u00a0Cada objeto se presenta como un posible YO, o mejor dicho:\u00a0T\u00da\".<\/em>\n\n(Extracto de texto por<a href=\"http:\/\/www.miguelba\u00f1uls.com\" target=\"_blank\" rel=\"noopener noreferrer\"> Miguel Ba\u00f1uls<\/a>)\n\n[embed]http:\/\/vimeo.com\/89241747[\/embed]","_et_gb_content_width":"","footnotes":""},"class_list":["post-36","page","type-page","status-publish","hentry"],"yoast_head":"<!-- This site is optimized with the Yoast SEO plugin v27.5 - https:\/\/yoast.com\/product\/yoast-seo-wordpress\/ -->\n<title>Fotograf\u00eda de playa larga exposici\u00f3n diurna - Fotograf\u00eda de autor In\u00e9s Gil H<\/title>\n<meta name=\"description\" content=\"La playa como estudio fotogr\u00e1fico, mi c\u00e1mara como instrumento para retratar momentos de soledad serena a trav\u00e9s de fotograf\u00eda de larga exposici\u00f3n diurna.\" \/>\n<meta name=\"robots\" content=\"index, follow, max-snippet:-1, max-image-preview:large, max-video-preview:-1\" \/>\n<link rel=\"canonical\" href=\"https:\/\/inesgilh.com\/?page_id=36\" \/>\n<meta property=\"og:locale\" content=\"es_ES\" \/>\n<meta property=\"og:type\" content=\"article\" \/>\n<meta property=\"og:title\" content=\"Fotograf\u00eda de playa larga exposici\u00f3n diurna - Fotograf\u00eda de autor In\u00e9s Gil H\" \/>\n<meta property=\"og:description\" content=\"La playa como estudio fotogr\u00e1fico, mi c\u00e1mara como instrumento para retratar momentos de soledad serena a trav\u00e9s de fotograf\u00eda de larga exposici\u00f3n diurna.\" \/>\n<meta property=\"og:url\" content=\"https:\/\/inesgilh.com\/?page_id=36\" \/>\n<meta property=\"og:site_name\" content=\"FOTOEXPRESIONES\" \/>\n<meta property=\"article:publisher\" content=\"https:\/\/www.facebook.com\/fotoxpresiones\/\" \/>\n<meta property=\"article:modified_time\" content=\"2020-07-03T16:37:59+00:00\" \/>\n<meta name=\"twitter:label1\" content=\"Tiempo de lectura\" \/>\n\t<meta name=\"twitter:data1\" content=\"3 minutos\" \/>\n<script type=\"application\/ld+json\" class=\"yoast-schema-graph\">{\"@context\":\"https:\\\/\\\/schema.org\",\"@graph\":[{\"@type\":\"WebPage\",\"@id\":\"https:\\\/\\\/inesgilh.com\\\/?page_id=36\",\"url\":\"https:\\\/\\\/inesgilh.com\\\/?page_id=36\",\"name\":\"Fotograf\u00eda de playa larga exposici\u00f3n diurna - Fotograf\u00eda de autor In\u00e9s Gil H\",\"isPartOf\":{\"@id\":\"https:\\\/\\\/inesgilh.com\\\/#website\"},\"datePublished\":\"2014-10-24T11:15:35+00:00\",\"dateModified\":\"2020-07-03T16:37:59+00:00\",\"description\":\"La playa como estudio fotogr\u00e1fico, mi c\u00e1mara como instrumento para retratar momentos de soledad serena a trav\u00e9s de fotograf\u00eda de larga exposici\u00f3n diurna.\",\"breadcrumb\":{\"@id\":\"https:\\\/\\\/inesgilh.com\\\/?page_id=36#breadcrumb\"},\"inLanguage\":\"es\",\"potentialAction\":[{\"@type\":\"ReadAction\",\"target\":[\"https:\\\/\\\/inesgilh.com\\\/?page_id=36\"]}]},{\"@type\":\"BreadcrumbList\",\"@id\":\"https:\\\/\\\/inesgilh.com\\\/?page_id=36#breadcrumb\",\"itemListElement\":[{\"@type\":\"ListItem\",\"position\":1,\"name\":\"Portada\",\"item\":\"https:\\\/\\\/inesgilh.com\\\/\"},{\"@type\":\"ListItem\",\"position\":2,\"name\":\"Soledad_es\"}]},{\"@type\":\"WebSite\",\"@id\":\"https:\\\/\\\/inesgilh.com\\\/#website\",\"url\":\"https:\\\/\\\/inesgilh.com\\\/\",\"name\":\"FOTOEXPRESIONES\",\"description\":\"In\u00e9s Gil Herrera -  Fotograf\u00eda\",\"potentialAction\":[{\"@type\":\"SearchAction\",\"target\":{\"@type\":\"EntryPoint\",\"urlTemplate\":\"https:\\\/\\\/inesgilh.com\\\/?s={search_term_string}\"},\"query-input\":{\"@type\":\"PropertyValueSpecification\",\"valueRequired\":true,\"valueName\":\"search_term_string\"}}],\"inLanguage\":\"es\"}]}<\/script>\n<!-- \/ Yoast SEO plugin. -->","yoast_head_json":{"title":"Fotograf\u00eda de playa larga exposici\u00f3n diurna - Fotograf\u00eda de autor In\u00e9s Gil H","description":"La playa como estudio fotogr\u00e1fico, mi c\u00e1mara como instrumento para retratar momentos de soledad serena a trav\u00e9s de fotograf\u00eda de larga exposici\u00f3n diurna.","robots":{"index":"index","follow":"follow","max-snippet":"max-snippet:-1","max-image-preview":"max-image-preview:large","max-video-preview":"max-video-preview:-1"},"canonical":"https:\/\/inesgilh.com\/?page_id=36","og_locale":"es_ES","og_type":"article","og_title":"Fotograf\u00eda de playa larga exposici\u00f3n diurna - Fotograf\u00eda de autor In\u00e9s Gil H","og_description":"La playa como estudio fotogr\u00e1fico, mi c\u00e1mara como instrumento para retratar momentos de soledad serena a trav\u00e9s de fotograf\u00eda de larga exposici\u00f3n diurna.","og_url":"https:\/\/inesgilh.com\/?page_id=36","og_site_name":"FOTOEXPRESIONES","article_publisher":"https:\/\/www.facebook.com\/fotoxpresiones\/","article_modified_time":"2020-07-03T16:37:59+00:00","twitter_misc":{"Tiempo de lectura":"3 minutos"},"schema":{"@context":"https:\/\/schema.org","@graph":[{"@type":"WebPage","@id":"https:\/\/inesgilh.com\/?page_id=36","url":"https:\/\/inesgilh.com\/?page_id=36","name":"Fotograf\u00eda de playa larga exposici\u00f3n diurna - Fotograf\u00eda de autor In\u00e9s Gil H","isPartOf":{"@id":"https:\/\/inesgilh.com\/#website"},"datePublished":"2014-10-24T11:15:35+00:00","dateModified":"2020-07-03T16:37:59+00:00","description":"La playa como estudio fotogr\u00e1fico, mi c\u00e1mara como instrumento para retratar momentos de soledad serena a trav\u00e9s de fotograf\u00eda de larga exposici\u00f3n diurna.","breadcrumb":{"@id":"https:\/\/inesgilh.com\/?page_id=36#breadcrumb"},"inLanguage":"es","potentialAction":[{"@type":"ReadAction","target":["https:\/\/inesgilh.com\/?page_id=36"]}]},{"@type":"BreadcrumbList","@id":"https:\/\/inesgilh.com\/?page_id=36#breadcrumb","itemListElement":[{"@type":"ListItem","position":1,"name":"Portada","item":"https:\/\/inesgilh.com\/"},{"@type":"ListItem","position":2,"name":"Soledad_es"}]},{"@type":"WebSite","@id":"https:\/\/inesgilh.com\/#website","url":"https:\/\/inesgilh.com\/","name":"FOTOEXPRESIONES","description":"In\u00e9s Gil Herrera -  Fotograf\u00eda","potentialAction":[{"@type":"SearchAction","target":{"@type":"EntryPoint","urlTemplate":"https:\/\/inesgilh.com\/?s={search_term_string}"},"query-input":{"@type":"PropertyValueSpecification","valueRequired":true,"valueName":"search_term_string"}}],"inLanguage":"es"}]}},"_links":{"self":[{"href":"https:\/\/inesgilh.com\/index.php?rest_route=\/wp\/v2\/pages\/36","targetHints":{"allow":["GET"]}}],"collection":[{"href":"https:\/\/inesgilh.com\/index.php?rest_route=\/wp\/v2\/pages"}],"about":[{"href":"https:\/\/inesgilh.com\/index.php?rest_route=\/wp\/v2\/types\/page"}],"author":[{"embeddable":true,"href":"https:\/\/inesgilh.com\/index.php?rest_route=\/wp\/v2\/users\/1"}],"replies":[{"embeddable":true,"href":"https:\/\/inesgilh.com\/index.php?rest_route=%2Fwp%2Fv2%2Fcomments&post=36"}],"version-history":[{"count":27,"href":"https:\/\/inesgilh.com\/index.php?rest_route=\/wp\/v2\/pages\/36\/revisions"}],"predecessor-version":[{"id":1491,"href":"https:\/\/inesgilh.com\/index.php?rest_route=\/wp\/v2\/pages\/36\/revisions\/1491"}],"wp:attachment":[{"href":"https:\/\/inesgilh.com\/index.php?rest_route=%2Fwp%2Fv2%2Fmedia&parent=36"}],"curies":[{"name":"wp","href":"https:\/\/api.w.org\/{rel}","templated":true}]}}