{"id":4,"date":"2014-10-22T09:08:49","date_gmt":"2014-10-22T07:08:49","guid":{"rendered":"http:\/\/inesgilh.com\/?page_id=4"},"modified":"2020-07-02T17:08:54","modified_gmt":"2020-07-02T15:08:54","slug":"fotografia-artistica","status":"publish","type":"page","link":"https:\/\/inesgilh.com\/","title":{"rendered":"Home Page"},"content":{"rendered":"<p>[et_pb_section fb_built=\u00bb1&#8243; next_background_color=\u00bb#ffffff\u00bb _builder_version=\u00bb4.4.8&#8243; background_color=\u00bb#ffffff\u00bb use_background_color_gradient=\u00bbon\u00bb background_color_gradient_start=\u00bb#6178a0&#8243; background_color_gradient_end=\u00bbrgba(39,72,135,0)\u00bb background_color_gradient_direction=\u00bb142deg\u00bb background_color_gradient_start_position=\u00bb22%\u00bb background_enable_image=\u00bboff\u00bb transform_scale=\u00bb108%|108%\u00bb transform_translate=\u00bb0px|12px\u00bb transform_translate_linked=\u00bboff\u00bb width=\u00bb100%\u00bb max_width=\u00bb100%\u00bb module_alignment=\u00bbcenter\u00bb min_height=\u00bb248px\u00bb custom_margin=\u00bb0px|0px|0px|-2px|true|false\u00bb custom_padding=\u00bb|0px||0px|false|true\u00bb bottom_divider_style=\u00bbwave2&#8243; bottom_divider_repeat=\u00bb3x\u00bb][et_pb_row _builder_version=\u00bb4.4.8&#8243; transform_translate=\u00bb0px|17px\u00bb transform_translate_linked=\u00bboff\u00bb][et_pb_column type=\u00bb4_4&#8243; _builder_version=\u00bb4.4.8&#8243;][et_pb_text _builder_version=\u00bb4.4.8&#8243; text_font=\u00bbCaveat||||||||\u00bb text_text_color=\u00bb#ffffff\u00bb text_font_size=\u00bb38px\u00bb text_letter_spacing=\u00bb1px\u00bb transform_translate=\u00bb0px|-61px\u00bb transform_translate_linked=\u00bboff\u00bb text_orientation=\u00bbcenter\u00bb hover_enabled=\u00bb0&#8243; text_text_shadow_style=\u00bbpreset2&#8243;]<\/p>\n<p style=\"text-align: center;\">In\u00e9sgilh<\/p>\n<p style=\"text-align: center;\">Fotoexpresiones<\/p>\n<p>[\/et_pb_text][\/et_pb_column][\/et_pb_row][\/et_pb_section][et_pb_section fb_built=\u00bb1&#8243; admin_label=\u00bbBest Selling Book Section\u00bb _builder_version=\u00bb4.4.8&#8243; background_color=\u00bb#ffffff\u00bb background_color_gradient_direction=\u00bb146deg\u00bb background_enable_image=\u00bboff\u00bb background_blend=\u00bbmultiply\u00bb transform_translate_linked=\u00bboff\u00bb width=\u00bb100%\u00bb max_width=\u00bb100%\u00bb module_alignment=\u00bbcenter\u00bb min_height=\u00bb405px\u00bb custom_margin=\u00bb|-379px||||\u00bb custom_padding=\u00bb30px|0px|0px|26px||\u00bb background__hover_enabled=\u00bbon|desktop\u00bb][et_pb_row column_structure=\u00bb1_3,1_3,1_3&#8243; make_equal=\u00bbon\u00bb _builder_version=\u00bb4.4.8&#8243; transform_scale=\u00bb101%|101%\u00bb transform_translate=\u00bb-47px|-58px\u00bb transform_translate_linked=\u00bboff\u00bb width=\u00bb100%\u00bb max_width=\u00bb1092px\u00bb module_alignment=\u00bbcenter\u00bb custom_margin=\u00bb92px|-41px|92px|-41px|true|true\u00bb custom_padding=\u00bb|0px||80px|false|false\u00bb][et_pb_column type=\u00bb1_3&#8243; _builder_version=\u00bb4.1&#8243; transform_translate_linked=\u00bboff\u00bb link_option_url=\u00bbhttps:\/\/inesgilh.com\/?page_id=135&#038;et_fb=1&#038;PageSpeed=off\u00bb][et_pb_image src=\u00bbhttps:\/\/inesgilh.com\/wp-content\/uploads\/2020\/01\/sin-t\u00edtulo-5427-Editar.jpg\u00bb url=\u00bbhttps:\/\/inesgilh.com\/?page_id=582&#8243; url_new_window=\u00bbon\u00bb show_bottom_space=\u00bboff\u00bb align=\u00bbcenter\u00bb _builder_version=\u00bb4.4.8&#8243; transform_translate=\u00bb1px|0px\u00bb transform_translate_linked=\u00bboff\u00bb transform_origin=\u00bb48%|50%\u00bb box_shadow_style=\u00bbpreset2&#8243; box_shadow_blur=\u00bb6px\u00bb box_shadow_spread=\u00bb-3px\u00bb][\/et_pb_image][\/et_pb_column][et_pb_column type=\u00bb1_3&#8243; _builder_version=\u00bb4.2.2&#8243; background_enable_image=\u00bboff\u00bb transform_scale_linked=\u00bboff\u00bb transform_translate_linked=\u00bboff\u00bb link_option_url=\u00bbhttps:\/\/inesgilh.com\/?page_id=401&#8243; link_option_url_new_window=\u00bbon\u00bb][et_pb_image src=\u00bbhttps:\/\/inesgilh.com\/wp-content\/uploads\/2020\/02\/Si-uno-se-deja-domesticar-corre-el-riesgo-de-sufrir-un-poco.jpg\u00bb url=\u00bbhttps:\/\/inesgilh.com\/?page_id=401&#8243; show_bottom_space=\u00bboff\u00bb align=\u00bbcenter\u00bb _builder_version=\u00bb4.2.2&#8243; transform_translate=\u00bb1px|0px\u00bb transform_translate_linked=\u00bboff\u00bb transform_origin=\u00bb48%|50%\u00bb box_shadow_style=\u00bbpreset2&#8243; box_shadow_blur=\u00bb6px\u00bb box_shadow_spread=\u00bb-3px\u00bb][\/et_pb_image][\/et_pb_column][et_pb_column type=\u00bb1_3&#8243; _builder_version=\u00bb4.1&#8243; transform_translate_linked=\u00bboff\u00bb][et_pb_image src=\u00bbhttps:\/\/inesgilh.com\/wp-content\/uploads\/2019\/12\/IGH-20110518-Autorretrato.jpg\u00bb url=\u00bbhttps:\/\/inesgilh.com\/?page_id=36&#8243; url_new_window=\u00bbon\u00bb align=\u00bbcenter\u00bb force_fullwidth=\u00bbon\u00bb _builder_version=\u00bb4.1&#8243; transform_scale_linked=\u00bboff\u00bb transform_translate=\u00bb0px|-1px\u00bb transform_translate_linked=\u00bboff\u00bb box_shadow_style=\u00bbpreset2&#8243; box_shadow_blur=\u00bb6px\u00bb box_shadow_spread=\u00bb-3px\u00bb locked=\u00bboff\u00bb][\/et_pb_image][\/et_pb_column][\/et_pb_row][et_pb_row column_structure=\u00bb1_3,1_3,1_3&#8243; make_equal=\u00bbon\u00bb _builder_version=\u00bb4.4.8&#8243; transform_scale=\u00bb115%|115%\u00bb transform_translate=\u00bb1px|-88px\u00bb transform_translate_linked=\u00bboff\u00bb width=\u00bb100%\u00bb max_width=\u00bb1092px\u00bb module_alignment=\u00bbcenter\u00bb custom_margin=\u00bb92px|75px|92px|75px|true|true\u00bb custom_padding=\u00bb|69px||53px|true|false\u00bb][et_pb_column type=\u00bb1_3&#8243; _builder_version=\u00bb4.4.8&#8243; background_enable_image=\u00bboff\u00bb transform_translate_linked=\u00bboff\u00bb][et_pb_image src=\u00bbhttps:\/\/inesgilh.com\/wp-content\/uploads\/2020\/02\/sin-t\u00edtulo-2726.jpg\u00bb url=\u00bbhttps:\/\/inesgilh.com\/?page_id=189&#8243; url_new_window=\u00bbon\u00bb align=\u00bbcenter\u00bb _builder_version=\u00bb4.4.8&#8243; transform_scale_linked=\u00bboff\u00bb transform_translate_linked=\u00bboff\u00bb box_shadow_style=\u00bbpreset2&#8243; box_shadow_blur=\u00bb6px\u00bb box_shadow_spread=\u00bb-3px\u00bb][\/et_pb_image][\/et_pb_column][et_pb_column type=\u00bb1_3&#8243; _builder_version=\u00bb4.1&#8243; transform_translate=\u00bb21px|15px\u00bb transform_translate_linked=\u00bboff\u00bb][et_pb_image src=\u00bbhttps:\/\/inesgilh.com\/wp-content\/uploads\/2020\/01\/la-foto-4.1.jpg\u00bb url=\u00bbhttps:\/\/inesgilh.com\/?page_id=135&#8243; url_new_window=\u00bbon\u00bb align=\u00bbcenter\u00bb _builder_version=\u00bb4.1&#8243; transform_translate=\u00bb-20px|-16px\u00bb transform_translate_linked=\u00bboff\u00bb box_shadow_style=\u00bbpreset2&#8243; box_shadow_blur=\u00bb6px\u00bb box_shadow_spread=\u00bb-3px\u00bb][\/et_pb_image][\/et_pb_column][et_pb_column type=\u00bb1_3&#8243; _builder_version=\u00bb4.1&#8243; transform_translate_linked=\u00bboff\u00bb][et_pb_image src=\u00bbhttps:\/\/inesgilh.com\/wp-content\/uploads\/2020\/01\/IGH-4892.jpg\u00bb url=\u00bbhttps:\/\/inesgilh.com\/?page_id=328&#8243; align=\u00bbcenter\u00bb force_fullwidth=\u00bbon\u00bb _builder_version=\u00bb4.4.8&#8243; transform_scale_linked=\u00bboff\u00bb transform_translate=\u00bb0px|-1px\u00bb transform_translate_linked=\u00bboff\u00bb box_shadow_style=\u00bbpreset2&#8243; box_shadow_blur=\u00bb6px\u00bb box_shadow_spread=\u00bb-3px\u00bb locked=\u00bboff\u00bb][\/et_pb_image][\/et_pb_column][\/et_pb_row][\/et_pb_section][et_pb_section fb_built=\u00bb1&#8243; custom_padding_last_edited=\u00bbon|desktop\u00bb admin_label=\u00bbAuthor Section\u00bb _builder_version=\u00bb4.1&#8243; background_color=\u00bb#ffffff\u00bb background_color_gradient_direction=\u00bb90deg\u00bb background_enable_image=\u00bboff\u00bb parallax=\u00bbon\u00bb transform_translate=\u00bb0px|-58px\u00bb transform_translate_linked=\u00bboff\u00bb min_height=\u00bb625px\u00bb custom_margin=\u00bb|||\u00bb custom_margin_tablet=\u00bb0px|||\u00bb custom_margin_last_edited=\u00bboff|desktop\u00bb custom_padding=\u00bb21px|0|100px|||\u00bb custom_padding_tablet=\u00bb70px||120px|\u00bb custom_padding_phone=\u00bb\u00bb top_divider_style=\u00bbwave2&#8243; top_divider_color=\u00bb#6178a0&#8243;][et_pb_row _builder_version=\u00bb4.4.8&#8243; transform_translate=\u00bb-272px|-103px\u00bb transform_translate_linked=\u00bboff\u00bb module_alignment=\u00bbcenter\u00bb][et_pb_column type=\u00bb4_4&#8243; _builder_version=\u00bb4.1&#8243;][et_pb_text _builder_version=\u00bb4.4.8&#8243; text_font=\u00bbABeeZee||||||||\u00bb text_letter_spacing=\u00bb13px\u00bb transform_translate=\u00bb300px|167px\u00bb transform_translate_linked=\u00bboff\u00bb max_width=\u00bb94%\u00bb min_height=\u00bb388px\u00bb link_option_url=\u00bbhttps:\/\/inesgilh.com\/?page_id=16&#8243; link_option_url_new_window=\u00bbon\u00bb text_text_shadow_style=\u00bbpreset1&#8243; box_shadow_style=\u00bbpreset2&#8243; box_shadow_blur=\u00bb6px\u00bb box_shadow_spread=\u00bb3px\u00bb inline_fonts=\u00bbCaveat\u00bb]<\/p>\n<h5 class=\"txt_blanco_izq\"><span style=\"font-family: Caveat; font-size: xx-large;\"><\/span><\/h5>\n<h5 class=\"txt_blanco_izq\"><span style=\"font-family: Caveat; font-size: xx-large;\">\u00a0 <span style=\"color: #494949;\">\u00a0<a href=\"https:\/\/inesgilh.com\/?page_id=16\" target=\"_blank\" rel=\"noopener noreferrer\">\u00abIn\u00e9sgilh\u00bb<\/a><\/span><\/span><\/h5>\n<p class=\"txt_blanco_izq\"><a href=\"https:\/\/inesgilh.com\/?page_id=16\" target=\"_blank\" rel=\"noopener noreferrer\"><img loading=\"lazy\" decoding=\"async\" src=\"https:\/\/inesgilh.com\/wp-content\/uploads\/2020\/01\/sin-t\u00edtulo-6668-644x644-1.jpg\" width=\"320\" height=\"320\" alt=\"\" class=\"wp-image-1060 alignright size-full\" style=\"float: left;\" srcset=\"https:\/\/inesgilh.com\/wp-content\/uploads\/2020\/01\/sin-t\u00edtulo-6668-644x644-1.jpg 704w, https:\/\/inesgilh.com\/wp-content\/uploads\/2020\/01\/sin-t\u00edtulo-6668-644x644-1-520x520.jpg 520w, https:\/\/inesgilh.com\/wp-content\/uploads\/2020\/01\/sin-t\u00edtulo-6668-644x644-1-644x644.jpg 644w, https:\/\/inesgilh.com\/wp-content\/uploads\/2020\/01\/sin-t\u00edtulo-6668-644x644-1-150x150.jpg 150w, https:\/\/inesgilh.com\/wp-content\/uploads\/2020\/01\/sin-t\u00edtulo-6668-644x644-1-480x480.jpg 480w\" sizes=\"auto, (max-width: 320px) 100vw, 320px\" \/><\/a><\/p>\n<p>[\/et_pb_text][\/et_pb_column][\/et_pb_row][et_pb_row _builder_version=\u00bb4.4.8&#8243; transform_translate=\u00bb0px|55px\u00bb transform_translate_linked=\u00bboff\u00bb][et_pb_column type=\u00bb4_4&#8243; _builder_version=\u00bb4.1&#8243;][et_pb_button button_url=\u00bbhttps:\/\/inesgilh.com\/?page_id=156&#8243; button_text=\u00bbContacto\u00bb button_alignment=\u00bbleft\u00bb _builder_version=\u00bb4.4.8&#8243; custom_button=\u00bbon\u00bb button_text_size=\u00bb26px\u00bb button_text_color=\u00bb#ffffff\u00bb button_bg_color=\u00bb#6178a0&#8243; button_border_width=\u00bb2px\u00bb button_border_radius=\u00bb30px\u00bb button_letter_spacing=\u00bb8px\u00bb button_font=\u00bbCaveat||||||||\u00bb transform_translate=\u00bb51px|163px\u00bb transform_translate_linked=\u00bboff\u00bb][\/et_pb_button][\/et_pb_column][\/et_pb_row][\/et_pb_section][et_pb_section fb_built=\u00bb1&#8243; _builder_version=\u00bb4.1&#8243; background_color=\u00bbrgba(0,0,0,0)\u00bb background_enable_image=\u00bboff\u00bb transform_translate=\u00bb0px|-198px\u00bb transform_translate_linked=\u00bboff\u00bb min_height=\u00bb100px\u00bb height=\u00bb100px\u00bb custom_padding=\u00bb||8px|||\u00bb top_divider_style=\u00bbwave2&#8243; top_divider_color=\u00bb#6178a0&#8243; top_divider_flip=\u00bbvertical|horizontal\u00bb bottom_divider_color=\u00bb#6178a0&#8243; bottom_divider_flip=\u00bbvertical\u00bb][\/et_pb_section][et_pb_section fb_built=\u00bb1&#8243; fullwidth=\u00bbon\u00bb _builder_version=\u00bb4.1&#8243;][\/et_pb_section]<\/p>\n","protected":false},"excerpt":{"rendered":"<p>[et_pb_section fb_built=\u00bb1&#8243; next_background_color=\u00bb#ffffff\u00bb _builder_version=\u00bb4.4.8&#8243; background_color=\u00bb#ffffff\u00bb use_background_color_gradient=\u00bbon\u00bb background_color_gradient_start=\u00bb#6178a0&#8243; background_color_gradient_end=\u00bbrgba(39,72,135,0)\u00bb background_color_gradient_direction=\u00bb142deg\u00bb background_color_gradient_start_position=\u00bb22%\u00bb background_enable_image=\u00bboff\u00bb transform_scale=\u00bb108%|108%\u00bb transform_translate=\u00bb0px|12px\u00bb transform_translate_linked=\u00bboff\u00bb width=\u00bb100%\u00bb max_width=\u00bb100%\u00bb module_alignment=\u00bbcenter\u00bb min_height=\u00bb248px\u00bb custom_margin=\u00bb0px|0px|0px|-2px|true|false\u00bb custom_padding=\u00bb|0px||0px|false|true\u00bb bottom_divider_style=\u00bbwave2&#8243; bottom_divider_repeat=\u00bb3x\u00bb][et_pb_row _builder_version=\u00bb4.4.8&#8243; transform_translate=\u00bb0px|17px\u00bb transform_translate_linked=\u00bboff\u00bb][et_pb_column type=\u00bb4_4&#8243; _builder_version=\u00bb4.4.8&#8243;][et_pb_text _builder_version=\u00bb4.4.8&#8243; text_font=\u00bbCaveat||||||||\u00bb text_text_color=\u00bb#ffffff\u00bb text_font_size=\u00bb38px\u00bb text_letter_spacing=\u00bb1px\u00bb transform_translate=\u00bb0px|-61px\u00bb transform_translate_linked=\u00bboff\u00bb text_orientation=\u00bbcenter\u00bb hover_enabled=\u00bb0&#8243; text_text_shadow_style=\u00bbpreset2&#8243;] In\u00e9sgilh Fotoexpresiones [\/et_pb_text][\/et_pb_column][\/et_pb_row][\/et_pb_section][et_pb_section fb_built=\u00bb1&#8243; admin_label=\u00bbBest Selling Book Section\u00bb _builder_version=\u00bb4.4.8&#8243; background_color=\u00bb#ffffff\u00bb background_color_gradient_direction=\u00bb146deg\u00bb background_enable_image=\u00bboff\u00bb background_blend=\u00bbmultiply\u00bb transform_translate_linked=\u00bboff\u00bb width=\u00bb100%\u00bb max_width=\u00bb100%\u00bb module_alignment=\u00bbcenter\u00bb min_height=\u00bb405px\u00bb [&hellip;]<\/p>\n","protected":false},"author":1,"featured_media":0,"parent":0,"menu_order":0,"comment_status":"closed","ping_status":"closed","template":"","meta":{"_et_pb_use_builder":"on","_et_pb_old_content":"","_et_gb_content_width":"","footnotes":""},"class_list":["post-4","page","type-page","status-publish","hentry"],"yoast_head":"<!-- This site is optimized with the Yoast SEO plugin v27.5 - https:\/\/yoast.com\/product\/yoast-seo-wordpress\/ -->\n<title>Ines Gil Herrera - Fotograf\u00eda art\u00edstica - Fotoexpresiones<\/title>\n<meta name=\"description\" content=\"Apasionada de la fotograf\u00eda, especialmente de la fotograf\u00eda art\u00edstica capturando lo que es invisible al ojo. Entra y disfruta de mis Fotoexpresiones :)\" \/>\n<meta name=\"robots\" content=\"index, follow, max-snippet:-1, max-image-preview:large, max-video-preview:-1\" \/>\n<link rel=\"canonical\" href=\"https:\/\/inesgilh.com\/\" \/>\n<meta property=\"og:locale\" content=\"es_ES\" \/>\n<meta property=\"og:type\" content=\"article\" \/>\n<meta property=\"og:title\" content=\"Ines Gil Herrera - Fotograf\u00eda art\u00edstica - Fotoexpresiones\" \/>\n<meta property=\"og:description\" content=\"Apasionada de la fotograf\u00eda, especialmente de la fotograf\u00eda art\u00edstica capturando lo que es invisible al ojo. Entra y disfruta de mis Fotoexpresiones :)\" \/>\n<meta property=\"og:url\" content=\"https:\/\/inesgilh.com\/\" \/>\n<meta property=\"og:site_name\" content=\"FOTOEXPRESIONES\" \/>\n<meta property=\"article:publisher\" content=\"https:\/\/www.facebook.com\/fotoxpresiones\/\" \/>\n<meta property=\"article:modified_time\" content=\"2020-07-02T15:08:54+00:00\" \/>\n<meta property=\"og:image\" content=\"https:\/\/inesgilh.com\/wp-content\/uploads\/2020\/01\/sin-t\u00edtulo-6668-644x644-1.jpg\" \/>\n<meta name=\"twitter:label1\" content=\"Tiempo de lectura\" \/>\n\t<meta name=\"twitter:data1\" content=\"5 minutos\" \/>\n<script type=\"application\/ld+json\" class=\"yoast-schema-graph\">{\"@context\":\"https:\\\/\\\/schema.org\",\"@graph\":[{\"@type\":\"WebPage\",\"@id\":\"https:\\\/\\\/inesgilh.com\\\/\",\"url\":\"https:\\\/\\\/inesgilh.com\\\/\",\"name\":\"Ines Gil Herrera - Fotograf\u00eda art\u00edstica - Fotoexpresiones\",\"isPartOf\":{\"@id\":\"https:\\\/\\\/inesgilh.com\\\/#website\"},\"datePublished\":\"2014-10-22T07:08:49+00:00\",\"dateModified\":\"2020-07-02T15:08:54+00:00\",\"description\":\"Apasionada de la fotograf\u00eda, especialmente de la fotograf\u00eda art\u00edstica capturando lo que es invisible al ojo. Entra y disfruta de mis Fotoexpresiones :)\",\"breadcrumb\":{\"@id\":\"https:\\\/\\\/inesgilh.com\\\/#breadcrumb\"},\"inLanguage\":\"es\",\"potentialAction\":[{\"@type\":\"ReadAction\",\"target\":[\"https:\\\/\\\/inesgilh.com\\\/\"]}]},{\"@type\":\"BreadcrumbList\",\"@id\":\"https:\\\/\\\/inesgilh.com\\\/#breadcrumb\",\"itemListElement\":[{\"@type\":\"ListItem\",\"position\":1,\"name\":\"Portada\",\"item\":\"https:\\\/\\\/inesgilh.com\\\/\"},{\"@type\":\"ListItem\",\"position\":2,\"name\":\"Home Page\"}]},{\"@type\":\"WebSite\",\"@id\":\"https:\\\/\\\/inesgilh.com\\\/#website\",\"url\":\"https:\\\/\\\/inesgilh.com\\\/\",\"name\":\"FOTOEXPRESIONES\",\"description\":\"In\u00e9s Gil Herrera -  Fotograf\u00eda\",\"potentialAction\":[{\"@type\":\"SearchAction\",\"target\":{\"@type\":\"EntryPoint\",\"urlTemplate\":\"https:\\\/\\\/inesgilh.com\\\/?s={search_term_string}\"},\"query-input\":{\"@type\":\"PropertyValueSpecification\",\"valueRequired\":true,\"valueName\":\"search_term_string\"}}],\"inLanguage\":\"es\"}]}<\/script>\n<!-- \/ Yoast SEO plugin. -->","yoast_head_json":{"title":"Ines Gil Herrera - Fotograf\u00eda art\u00edstica - Fotoexpresiones","description":"Apasionada de la fotograf\u00eda, especialmente de la fotograf\u00eda art\u00edstica capturando lo que es invisible al ojo. Entra y disfruta de mis Fotoexpresiones :)","robots":{"index":"index","follow":"follow","max-snippet":"max-snippet:-1","max-image-preview":"max-image-preview:large","max-video-preview":"max-video-preview:-1"},"canonical":"https:\/\/inesgilh.com\/","og_locale":"es_ES","og_type":"article","og_title":"Ines Gil Herrera - Fotograf\u00eda art\u00edstica - Fotoexpresiones","og_description":"Apasionada de la fotograf\u00eda, especialmente de la fotograf\u00eda art\u00edstica capturando lo que es invisible al ojo. Entra y disfruta de mis Fotoexpresiones :)","og_url":"https:\/\/inesgilh.com\/","og_site_name":"FOTOEXPRESIONES","article_publisher":"https:\/\/www.facebook.com\/fotoxpresiones\/","article_modified_time":"2020-07-02T15:08:54+00:00","og_image":[{"url":"https:\/\/inesgilh.com\/wp-content\/uploads\/2020\/01\/sin-t\u00edtulo-6668-644x644-1.jpg","type":"","width":"","height":""}],"twitter_misc":{"Tiempo de lectura":"5 minutos"},"schema":{"@context":"https:\/\/schema.org","@graph":[{"@type":"WebPage","@id":"https:\/\/inesgilh.com\/","url":"https:\/\/inesgilh.com\/","name":"Ines Gil Herrera - Fotograf\u00eda art\u00edstica - Fotoexpresiones","isPartOf":{"@id":"https:\/\/inesgilh.com\/#website"},"datePublished":"2014-10-22T07:08:49+00:00","dateModified":"2020-07-02T15:08:54+00:00","description":"Apasionada de la fotograf\u00eda, especialmente de la fotograf\u00eda art\u00edstica capturando lo que es invisible al ojo. Entra y disfruta de mis Fotoexpresiones :)","breadcrumb":{"@id":"https:\/\/inesgilh.com\/#breadcrumb"},"inLanguage":"es","potentialAction":[{"@type":"ReadAction","target":["https:\/\/inesgilh.com\/"]}]},{"@type":"BreadcrumbList","@id":"https:\/\/inesgilh.com\/#breadcrumb","itemListElement":[{"@type":"ListItem","position":1,"name":"Portada","item":"https:\/\/inesgilh.com\/"},{"@type":"ListItem","position":2,"name":"Home Page"}]},{"@type":"WebSite","@id":"https:\/\/inesgilh.com\/#website","url":"https:\/\/inesgilh.com\/","name":"FOTOEXPRESIONES","description":"In\u00e9s Gil Herrera -  Fotograf\u00eda","potentialAction":[{"@type":"SearchAction","target":{"@type":"EntryPoint","urlTemplate":"https:\/\/inesgilh.com\/?s={search_term_string}"},"query-input":{"@type":"PropertyValueSpecification","valueRequired":true,"valueName":"search_term_string"}}],"inLanguage":"es"}]}},"_links":{"self":[{"href":"https:\/\/inesgilh.com\/index.php?rest_route=\/wp\/v2\/pages\/4","targetHints":{"allow":["GET"]}}],"collection":[{"href":"https:\/\/inesgilh.com\/index.php?rest_route=\/wp\/v2\/pages"}],"about":[{"href":"https:\/\/inesgilh.com\/index.php?rest_route=\/wp\/v2\/types\/page"}],"author":[{"embeddable":true,"href":"https:\/\/inesgilh.com\/index.php?rest_route=\/wp\/v2\/users\/1"}],"replies":[{"embeddable":true,"href":"https:\/\/inesgilh.com\/index.php?rest_route=%2Fwp%2Fv2%2Fcomments&post=4"}],"version-history":[{"count":54,"href":"https:\/\/inesgilh.com\/index.php?rest_route=\/wp\/v2\/pages\/4\/revisions"}],"predecessor-version":[{"id":1476,"href":"https:\/\/inesgilh.com\/index.php?rest_route=\/wp\/v2\/pages\/4\/revisions\/1476"}],"wp:attachment":[{"href":"https:\/\/inesgilh.com\/index.php?rest_route=%2Fwp%2Fv2%2Fmedia&parent=4"}],"curies":[{"name":"wp","href":"https:\/\/api.w.org\/{rel}","templated":true}]}}