{"id":401,"date":"2016-07-20T20:51:15","date_gmt":"2016-07-20T18:51:15","guid":{"rendered":"http:\/\/inesgilh.com\/?page_id=401"},"modified":"2020-07-03T18:31:56","modified_gmt":"2020-07-03T16:31:56","slug":"in_nubis","status":"publish","type":"page","link":"https:\/\/inesgilh.com\/?page_id=401","title":{"rendered":"In_nubis"},"content":{"rendered":"<p>[et_pb_section fb_built=\u00bb1&#8243; prev_background_color=\u00bb#ffffff\u00bb _builder_version=\u00bb4.4.8&#8243; background_color=\u00bb#ffffff\u00bb use_background_color_gradient=\u00bbon\u00bb background_color_gradient_start=\u00bb#000000&#8243; background_color_gradient_end=\u00bb#ffffff\u00bb background_color_gradient_direction=\u00bb156deg\u00bb background_color_gradient_start_position=\u00bb32%\u00bb background_color_gradient_end_position=\u00bb95%\u00bb background_enable_image=\u00bboff\u00bb min_height=\u00bb300px\u00bb height=\u00bb300px\u00bb top_divider_style=\u00bbclouds2&#8243; top_divider_height=\u00bb153px\u00bb bottom_divider_style=\u00bbwave2&#8243; bottom_divider_color=\u00bb#ffffff\u00bb][et_pb_row _builder_version=\u00bb4.4.8&#8243; background_size=\u00bbinitial\u00bb background_position=\u00bbtop_left\u00bb background_repeat=\u00bbrepeat\u00bb transform_translate=\u00bb0px|21px\u00bb transform_translate_linked=\u00bboff\u00bb hover_enabled=\u00bb0&#8243;][et_pb_column type=\u00bb4_4&#8243; _builder_version=\u00bb3.25&#8243; custom_padding=\u00bb|||\u00bb custom_padding__hover=\u00bb|||\u00bb][et_pb_text _builder_version=\u00bb4.4.8&#8243; text_font=\u00bbCaveat||||||||\u00bb text_text_color=\u00bb#ffffff\u00bb text_font_size=\u00bb51px\u00bb text_letter_spacing=\u00bb1px\u00bb transform_translate=\u00bb0px|-2px\u00bb transform_translate_linked=\u00bboff\u00bb text_orientation=\u00bbcenter\u00bb hover_enabled=\u00bb0&#8243; text_text_shadow_style=\u00bbpreset1&#8243;]<\/p>\n<p>In_nubis<\/p>\n<p>[\/et_pb_text][\/et_pb_column][\/et_pb_row][et_pb_row _builder_version=\u00bb4.4.8&#8243;][et_pb_column _builder_version=\u00bb4.4.8&#8243; type=\u00bb4_4&#8243;][et_pb_text _builder_version=\u00bb4.4.8&#8243; text_text_color=\u00bb#ffffff\u00bb text_font=\u00bbCaveat||||||||\u00bb text_font_size=\u00bb38px\u00bb text_text_shadow_style=\u00bbpreset2&#8243; hover_enabled=\u00bb0&#8243;]<\/p>\n<p style=\"text-align: center;\">\u00bfC\u00faando nos olvidamos de jugar?<\/p>\n<p>[\/et_pb_text][\/et_pb_column][\/et_pb_row][\/et_pb_section][et_pb_section fb_built=\u00bb1&#8243; _builder_version=\u00bb4.4.8&#8243; background_color=\u00bb#ffffff\u00bb background_enable_image=\u00bboff\u00bb transform_translate_linked=\u00bboff\u00bb locked=\u00bboff\u00bb][et_pb_row _builder_version=\u00bb4.4.8&#8243; transform_translate=\u00bb0px|42px\u00bb transform_translate_linked=\u00bboff\u00bb hover_enabled=\u00bb0&#8243;][et_pb_column type=\u00bb4_4&#8243; _builder_version=\u00bb4.2.2&#8243;][et_pb_text _builder_version=\u00bb4.4.8&#8243; text_font=\u00bbCaveat||||||||\u00bb text_text_color=\u00bb#ffffff\u00bb text_font_size=\u00bb34px\u00bb transform_translate=\u00bb0px|30px\u00bb transform_translate_linked=\u00bboff\u00bb text_orientation=\u00bbcenter\u00bb hover_enabled=\u00bb0&#8243; text_text_shadow_style=\u00bbpreset2&#8243;]<\/p>\n<p>\u00bfCu\u00e1ndo nos olvidamos de jugar?<\/p>\n<p>[\/et_pb_text][\/et_pb_column][\/et_pb_row][et_pb_row use_custom_gutter=\u00bbon\u00bb gutter_width=\u00bb1&#8243; make_equal=\u00bbon\u00bb _builder_version=\u00bb4.4.8&#8243; transform_scale_linked=\u00bboff\u00bb transform_translate_linked=\u00bboff\u00bb width=\u00bb100%\u00bb module_alignment=\u00bbcenter\u00bb][et_pb_column type=\u00bb4_4&#8243; _builder_version=\u00bb4.2.2&#8243;][et_pb_gallery gallery_ids=\u00bb1408,1342,1341,1340,1338,1339,1331,1332,1333,1334,1335,1337&#8243; posts_number=\u00bb12&#8243; orientation=\u00bbportrait\u00bb show_title_and_caption=\u00bboff\u00bb show_pagination=\u00bboff\u00bb zoom_icon_color=\u00bbrgba(255,255,255,0.34)\u00bb hover_overlay_color=\u00bbrgba(242,113,0,0.42)\u00bb hover_icon=\u00bb%%52%%\u00bb _builder_version=\u00bb4.4.8&#8243; overflow-x=\u00bbvisible\u00bb overflow-y=\u00bbvisible\u00bb custom_css_gallery_item=\u00bbmargin: 0 !important;||width: 25% !important;||clear: none !important;\u00bb border_width_all=\u00bb10px\u00bb border_color_all=\u00bb#ffffff\u00bb box_shadow_style_image=\u00bbpreset2&#8243; box_shadow_blur_image=\u00bb6px\u00bb box_shadow_spread_image=\u00bb-3px\u00bb][\/et_pb_gallery][\/et_pb_column][\/et_pb_row][\/et_pb_section][et_pb_section fb_built=\u00bb1&#8243; _builder_version=\u00bb4.4.8&#8243; background_color=\u00bb#ffffff\u00bb background_enable_image=\u00bboff\u00bb][et_pb_row _builder_version=\u00bb4.4.8&#8243; transform_translate=\u00bb0px|-53px\u00bb transform_translate_linked=\u00bboff\u00bb][et_pb_column type=\u00bb4_4&#8243; _builder_version=\u00bb4.4.8&#8243;][et_pb_text _builder_version=\u00bb4.4.8&#8243;]<\/p>\n<p style=\"text-align: justify;\">\u00ab.\u00bfCu\u00e1ndo dejamos la inocencia de la infancia? \u00bfCu\u00e1ndo nos olvidamos de jugar? \u00bfCu\u00e1ndo renunciamos a tumbarnos en el campo para mirar las formas de las nubes? \u00bfCu\u00e1ndo nos convertimos en personas grandes?<\/p>\n<p style=\"text-align: justify;\"><em>\u00a0<\/em><em>Las personas grandes son bien extra\u00f1as<\/em><\/p>\n<p style=\"text-align: justify;\"><em>\u00a0<\/em><em>Las personas grandes son decididamente muy extra\u00f1as<\/em><\/p>\n<p style=\"text-align: justify;\"><em>\u00a0<\/em><em>Las personas grandes son decididamente muy, pero muy extra\u00f1as<\/em><\/p>\n<p style=\"text-align: justify;\"><em>\u00a0<\/em>Esta serie lleva por t\u00edtulo Innubis y \u00a0en ella, yo, me rebelo contra esa extra\u00f1eza que siente el principito al conocer a las personas grandes que habitan\u00a0 los \u00a0distintos planetas que visita. Es por eso que en este trabajo decido utilizar el lenguaje fotogr\u00e1fico de un modo l\u00fadico y divertido, fuera de convencionalismos, reivindicando el poder de la fotograf\u00eda para hacernos volar, para hacernos so\u00f1ar.<\/p>\n<p style=\"text-align: center;\">Volver a la ni\u00f1ez y al juego, evocar recuerdos, transformar algo, tan intangible como el vapor de agua, \u00a0en im\u00e1genes con contenido simb\u00f3lico y emocional, son los principales motores de este trabajo \u00a0inspirado en el libro <em>El Principito<\/em> de Antoine de Saint -Exup\u00e9ry,<\/p>\n<p style=\"text-align: center;\"><em>\u00abcuya gran pasi\u00f3n en la vida fue la aviaci\u00f3n y que el 31 de julio de 1944 despeg\u00f3 desde C\u00f3rcega para hacer un vuelo de reconocimiento del que nunca regres\u00f3.<\/em><em style=\"font-size: 15px;\">Desapareci\u00f3 en el mar, no lejos de la Provenza, su regi\u00f3n preferida, y no lejos de uno de los castillos en los que hab\u00eda pasado su infancia, territorio del que toda la vida se sinti\u00f3 expatriado: (\u00ab\u00bfDe d\u00f3nde somos? Somos de nuestra infancia\u00bb).<\/em><\/p>\n<p style=\"text-align: justify;\">\u00a0 \u00a0 \u00a0 \u00a0 \u00a0 \u00a0 \u00a0 \u00a0 \u00a0 \u00a0 \u00a0 \u00a0 \u00a0 \u00a0 \u00a0 \u00a0 \u00a0 \u00a0 \u00a0 \u00a0 \u00a0 \u00a0 \u00a0 \u00a0 \u00a0 \u00a0 \u00a0 \u00a0 \u00a0 \u00a0 \u00a0 \u00a0 \u00a0 \u00a0 \u00a0 \u00a0 \u00a0 \u00a0 \u00a0 \u00a0 \u00a0 \u00a0 \u00a0 \u00a0 \u00a0 \u00a0 \u00a0 \u00a0 \u00a0 \u00a0 \u00a0 \u00a0 \u00a0 \u00a0 \u00a0 \u00a0 \u00a0 \u00a0 \u00a0 \u00a0 \u00a0 \u00a0 \u00a0 \u00a0 \u00a0 \u00a0 \u00a0 \u00a0 \u00a0 \u00a0 \u00a0 \u00a0 \u00a0 \u00a0 \u00a0 \u00a0 \u00a0 \u00a0 \u00a0 \u00a0 \u00a0 \u00a0 \u00a0 \u00a0 \u00a0 \u00a0 \u00a0 \u00a0 \u00a0 \u00a0 \u00a0 \u00a0 \u00a0 \u00a0 \u00a0 \u00a0 \u00a0 \u00a0 \u00a0 \u00a0 \u00a0 \u00a0 \u00a0 \u00a0 \u00a0 \u00a0 \u00a0 \u00a0 \u00a0 \u00a0 \u00a0 \u00a0 \u00a0 \u00a0 \u00a0 \u00a0 \u00a0 \u00a0 \u00a0 Pedro Sorela<\/p>\n<p style=\"text-align: justify;\">Re-leyendo <em>El Principito <\/em>me he embarcado en un viaje repleto de aventuras y ense\u00f1anzas, de verdades incontestables.\u00a0 He viajado por planetas y galaxias cruzando el agujero negro que separa realidad y ficci\u00f3n. He mirado m\u00e1s all\u00e1 de mis ojos y encontrado un imaginario de infinitas posibilidades. He conocido la virtud de la inocencia, el valor de lo impalpable, la belleza de lo ef\u00edmero, la po\u00e9tica de lo absurdo&#8230;<\/p>\n<p style=\"text-align: justify;\">\u00a1He vivido la ilusi\u00f3n del juego, la alegr\u00eda de la despreocupaci\u00f3n!.<\/p>\n<p style=\"text-align: justify;\"><em>Innubis <\/em>es fantas\u00eda, imaginaci\u00f3n, libertad y creatividad gravitando sobre fondo negro, \u00a0dando rienda suelta, al m\u00e1s puro estilo surrealista, a im\u00e1genes \u00bfimposibles? que se mueven en un espacio minimalista.<\/p>\n<p style=\"text-align: justify;\">El empleo de la escala de grises as\u00ed como de la descontextualizaci\u00f3n y la postproducci\u00f3n digital, dotan a algo tan cotidiano como las estelas de los aviones y las nubes, de un nuevo significado, de m\u00faltiples significados que habitan en la mente y el coraz\u00f3n de quien observa.<\/p>\n<p>[\/et_pb_text][\/et_pb_column][\/et_pb_row][\/et_pb_section]<\/p>\n","protected":false},"excerpt":{"rendered":"<p>[et_pb_section fb_built=\u00bb1&#8243; prev_background_color=\u00bb#ffffff\u00bb _builder_version=\u00bb4.4.8&#8243; background_color=\u00bb#ffffff\u00bb use_background_color_gradient=\u00bbon\u00bb background_color_gradient_start=\u00bb#000000&#8243; background_color_gradient_end=\u00bb#ffffff\u00bb background_color_gradient_direction=\u00bb156deg\u00bb background_color_gradient_start_position=\u00bb32%\u00bb background_color_gradient_end_position=\u00bb95%\u00bb background_enable_image=\u00bboff\u00bb min_height=\u00bb300px\u00bb height=\u00bb300px\u00bb top_divider_style=\u00bbclouds2&#8243; top_divider_height=\u00bb153px\u00bb bottom_divider_style=\u00bbwave2&#8243; bottom_divider_color=\u00bb#ffffff\u00bb][et_pb_row _builder_version=\u00bb4.4.8&#8243; background_size=\u00bbinitial\u00bb background_position=\u00bbtop_left\u00bb background_repeat=\u00bbrepeat\u00bb transform_translate=\u00bb0px|21px\u00bb transform_translate_linked=\u00bboff\u00bb hover_enabled=\u00bb0&#8243;][et_pb_column type=\u00bb4_4&#8243; _builder_version=\u00bb3.25&#8243; custom_padding=\u00bb|||\u00bb custom_padding__hover=\u00bb|||\u00bb][et_pb_text _builder_version=\u00bb4.4.8&#8243; text_font=\u00bbCaveat||||||||\u00bb text_text_color=\u00bb#ffffff\u00bb text_font_size=\u00bb51px\u00bb text_letter_spacing=\u00bb1px\u00bb transform_translate=\u00bb0px|-2px\u00bb transform_translate_linked=\u00bboff\u00bb text_orientation=\u00bbcenter\u00bb hover_enabled=\u00bb0&#8243; text_text_shadow_style=\u00bbpreset1&#8243;] In_nubis [\/et_pb_text][\/et_pb_column][\/et_pb_row][et_pb_row _builder_version=\u00bb4.4.8&#8243;][et_pb_column _builder_version=\u00bb4.4.8&#8243; type=\u00bb4_4&#8243;][et_pb_text _builder_version=\u00bb4.4.8&#8243; text_text_color=\u00bb#ffffff\u00bb text_font=\u00bbCaveat||||||||\u00bb text_font_size=\u00bb38px\u00bb text_text_shadow_style=\u00bbpreset2&#8243; hover_enabled=\u00bb0&#8243;] \u00bfC\u00faando nos olvidamos de jugar? [&hellip;]<\/p>\n","protected":false},"author":1,"featured_media":0,"parent":0,"menu_order":0,"comment_status":"closed","ping_status":"closed","template":"","meta":{"_et_pb_use_builder":"on","_et_pb_old_content":"Volver a la ni\u00f1ez y al juego, evocar recuerdos, transformar algo tan intangible como el vapor de agua \u00a0en im\u00e1genes con contenido simb\u00f3lico y emocional, son los principales motores de este trabajo fotogr\u00e1fico inspirado en el libro de Antoine de Saint -Exup\u00e9ry,<em> El Principito.<\/em>\n\n[Best_Wordpress_Gallery id=\"32\" gal_title=\"Innubis\"]\n\nRe-leyendo <em>El Principito<\/em>, me he embarcado en un viaje repleto de aventuras y ense\u00f1anzas, de verdades incontestables.\u00a0 He viajado por planetas y galaxias cruzando el agujero negro que separa realidad y ficci\u00f3n. He aprendido a mirar m\u00e1s all\u00e1 de mis ojos y encontrado un coraz\u00f3n que, por unos instantes, latiera para mi. He conocido el valor de lo intangible y la belleza de lo ef\u00edmero.\n\nHe vivido la fantas\u00eda de la despreocupaci\u00f3n.","_et_gb_content_width":"","footnotes":""},"class_list":["post-401","page","type-page","status-publish","hentry"],"yoast_head":"<!-- This site is optimized with the Yoast SEO plugin v27.5 - https:\/\/yoast.com\/product\/yoast-seo-wordpress\/ -->\n<title>Innubis - Fotograf\u00edas de In\u00e9s Gil Herrera inspiradas en el libro El Principito<\/title>\n<meta name=\"description\" content=\"Detr\u00e1s de estas fotograf\u00edas est\u00e1 la inocencia de El principito, la astucia del zorro, la delicadeza de una flor, las ense\u00f1anzas de ese peque\u00f1o personaje...\" \/>\n<meta name=\"robots\" content=\"index, follow, max-snippet:-1, max-image-preview:large, max-video-preview:-1\" \/>\n<link rel=\"canonical\" href=\"https:\/\/inesgilh.com\/?page_id=401\" \/>\n<meta property=\"og:locale\" content=\"es_ES\" \/>\n<meta property=\"og:type\" content=\"article\" \/>\n<meta property=\"og:title\" content=\"Innubis - Fotograf\u00edas de In\u00e9s Gil Herrera inspiradas en el libro El Principito\" \/>\n<meta property=\"og:description\" content=\"Detr\u00e1s de estas fotograf\u00edas est\u00e1 la inocencia de El principito, la astucia del zorro, la delicadeza de una flor, las ense\u00f1anzas de ese peque\u00f1o personaje...\" \/>\n<meta property=\"og:url\" content=\"https:\/\/inesgilh.com\/?page_id=401\" \/>\n<meta property=\"og:site_name\" content=\"FOTOEXPRESIONES\" \/>\n<meta property=\"article:publisher\" content=\"https:\/\/www.facebook.com\/fotoxpresiones\/\" \/>\n<meta property=\"article:modified_time\" content=\"2020-07-03T16:31:56+00:00\" \/>\n<meta name=\"twitter:label1\" content=\"Tiempo de lectura\" \/>\n\t<meta name=\"twitter:data1\" content=\"4 minutos\" \/>\n<script type=\"application\/ld+json\" class=\"yoast-schema-graph\">{\"@context\":\"https:\\\/\\\/schema.org\",\"@graph\":[{\"@type\":\"WebPage\",\"@id\":\"https:\\\/\\\/inesgilh.com\\\/?page_id=401\",\"url\":\"https:\\\/\\\/inesgilh.com\\\/?page_id=401\",\"name\":\"Innubis - Fotograf\u00edas de In\u00e9s Gil Herrera inspiradas en el libro El Principito\",\"isPartOf\":{\"@id\":\"https:\\\/\\\/inesgilh.com\\\/#website\"},\"datePublished\":\"2016-07-20T18:51:15+00:00\",\"dateModified\":\"2020-07-03T16:31:56+00:00\",\"description\":\"Detr\u00e1s de estas fotograf\u00edas est\u00e1 la inocencia de El principito, la astucia del zorro, la delicadeza de una flor, las ense\u00f1anzas de ese peque\u00f1o personaje...\",\"breadcrumb\":{\"@id\":\"https:\\\/\\\/inesgilh.com\\\/?page_id=401#breadcrumb\"},\"inLanguage\":\"es\",\"potentialAction\":[{\"@type\":\"ReadAction\",\"target\":[\"https:\\\/\\\/inesgilh.com\\\/?page_id=401\"]}]},{\"@type\":\"BreadcrumbList\",\"@id\":\"https:\\\/\\\/inesgilh.com\\\/?page_id=401#breadcrumb\",\"itemListElement\":[{\"@type\":\"ListItem\",\"position\":1,\"name\":\"Portada\",\"item\":\"https:\\\/\\\/inesgilh.com\\\/\"},{\"@type\":\"ListItem\",\"position\":2,\"name\":\"In_nubis\"}]},{\"@type\":\"WebSite\",\"@id\":\"https:\\\/\\\/inesgilh.com\\\/#website\",\"url\":\"https:\\\/\\\/inesgilh.com\\\/\",\"name\":\"FOTOEXPRESIONES\",\"description\":\"In\u00e9s Gil Herrera -  Fotograf\u00eda\",\"potentialAction\":[{\"@type\":\"SearchAction\",\"target\":{\"@type\":\"EntryPoint\",\"urlTemplate\":\"https:\\\/\\\/inesgilh.com\\\/?s={search_term_string}\"},\"query-input\":{\"@type\":\"PropertyValueSpecification\",\"valueRequired\":true,\"valueName\":\"search_term_string\"}}],\"inLanguage\":\"es\"}]}<\/script>\n<!-- \/ Yoast SEO plugin. -->","yoast_head_json":{"title":"Innubis - Fotograf\u00edas de In\u00e9s Gil Herrera inspiradas en el libro El Principito","description":"Detr\u00e1s de estas fotograf\u00edas est\u00e1 la inocencia de El principito, la astucia del zorro, la delicadeza de una flor, las ense\u00f1anzas de ese peque\u00f1o personaje...","robots":{"index":"index","follow":"follow","max-snippet":"max-snippet:-1","max-image-preview":"max-image-preview:large","max-video-preview":"max-video-preview:-1"},"canonical":"https:\/\/inesgilh.com\/?page_id=401","og_locale":"es_ES","og_type":"article","og_title":"Innubis - Fotograf\u00edas de In\u00e9s Gil Herrera inspiradas en el libro El Principito","og_description":"Detr\u00e1s de estas fotograf\u00edas est\u00e1 la inocencia de El principito, la astucia del zorro, la delicadeza de una flor, las ense\u00f1anzas de ese peque\u00f1o personaje...","og_url":"https:\/\/inesgilh.com\/?page_id=401","og_site_name":"FOTOEXPRESIONES","article_publisher":"https:\/\/www.facebook.com\/fotoxpresiones\/","article_modified_time":"2020-07-03T16:31:56+00:00","twitter_misc":{"Tiempo de lectura":"4 minutos"},"schema":{"@context":"https:\/\/schema.org","@graph":[{"@type":"WebPage","@id":"https:\/\/inesgilh.com\/?page_id=401","url":"https:\/\/inesgilh.com\/?page_id=401","name":"Innubis - Fotograf\u00edas de In\u00e9s Gil Herrera inspiradas en el libro El Principito","isPartOf":{"@id":"https:\/\/inesgilh.com\/#website"},"datePublished":"2016-07-20T18:51:15+00:00","dateModified":"2020-07-03T16:31:56+00:00","description":"Detr\u00e1s de estas fotograf\u00edas est\u00e1 la inocencia de El principito, la astucia del zorro, la delicadeza de una flor, las ense\u00f1anzas de ese peque\u00f1o personaje...","breadcrumb":{"@id":"https:\/\/inesgilh.com\/?page_id=401#breadcrumb"},"inLanguage":"es","potentialAction":[{"@type":"ReadAction","target":["https:\/\/inesgilh.com\/?page_id=401"]}]},{"@type":"BreadcrumbList","@id":"https:\/\/inesgilh.com\/?page_id=401#breadcrumb","itemListElement":[{"@type":"ListItem","position":1,"name":"Portada","item":"https:\/\/inesgilh.com\/"},{"@type":"ListItem","position":2,"name":"In_nubis"}]},{"@type":"WebSite","@id":"https:\/\/inesgilh.com\/#website","url":"https:\/\/inesgilh.com\/","name":"FOTOEXPRESIONES","description":"In\u00e9s Gil Herrera -  Fotograf\u00eda","potentialAction":[{"@type":"SearchAction","target":{"@type":"EntryPoint","urlTemplate":"https:\/\/inesgilh.com\/?s={search_term_string}"},"query-input":{"@type":"PropertyValueSpecification","valueRequired":true,"valueName":"search_term_string"}}],"inLanguage":"es"}]}},"_links":{"self":[{"href":"https:\/\/inesgilh.com\/index.php?rest_route=\/wp\/v2\/pages\/401","targetHints":{"allow":["GET"]}}],"collection":[{"href":"https:\/\/inesgilh.com\/index.php?rest_route=\/wp\/v2\/pages"}],"about":[{"href":"https:\/\/inesgilh.com\/index.php?rest_route=\/wp\/v2\/types\/page"}],"author":[{"embeddable":true,"href":"https:\/\/inesgilh.com\/index.php?rest_route=\/wp\/v2\/users\/1"}],"replies":[{"embeddable":true,"href":"https:\/\/inesgilh.com\/index.php?rest_route=%2Fwp%2Fv2%2Fcomments&post=401"}],"version-history":[{"count":8,"href":"https:\/\/inesgilh.com\/index.php?rest_route=\/wp\/v2\/pages\/401\/revisions"}],"predecessor-version":[{"id":1483,"href":"https:\/\/inesgilh.com\/index.php?rest_route=\/wp\/v2\/pages\/401\/revisions\/1483"}],"wp:attachment":[{"href":"https:\/\/inesgilh.com\/index.php?rest_route=%2Fwp%2Fv2%2Fmedia&parent=401"}],"curies":[{"name":"wp","href":"https:\/\/api.w.org\/{rel}","templated":true}]}}