{"id":582,"date":"2018-01-08T11:57:08","date_gmt":"2018-01-08T10:57:08","guid":{"rendered":"http:\/\/inesgilh.com\/?page_id=582"},"modified":"2020-07-03T18:25:00","modified_gmt":"2020-07-03T16:25:00","slug":"movimientos-de-un-corazon","status":"publish","type":"page","link":"https:\/\/inesgilh.com\/?page_id=582","title":{"rendered":"Movimientos de un coraz\u00f3n"},"content":{"rendered":"<p>[et_pb_section fb_built=\u00bb1&#8243; next_background_color=\u00bb#ffffff\u00bb _builder_version=\u00bb4.2.2&#8243; background_color=\u00bb#ffffff\u00bb use_background_color_gradient=\u00bbon\u00bb background_color_gradient_start=\u00bb#edb949&#8243; background_color_gradient_end=\u00bbrgba(6,74,91,0.89)\u00bb background_color_gradient_direction=\u00bb170deg\u00bb background_color_gradient_start_position=\u00bb35%\u00bb background_color_gradient_end_position=\u00bb82%\u00bb background_enable_image=\u00bboff\u00bb module_alignment=\u00bbcenter\u00bb min_height=\u00bb300px\u00bb bottom_divider_style=\u00bbwave2&#8243;][et_pb_row _builder_version=\u00bb4.2.2&#8243; background_size=\u00bbinitial\u00bb background_position=\u00bbtop_left\u00bb background_repeat=\u00bbrepeat\u00bb transform_translate=\u00bb0px|-20px\u00bb transform_translate_linked=\u00bboff\u00bb][et_pb_column type=\u00bb4_4&#8243; _builder_version=\u00bb3.25&#8243; custom_padding=\u00bb|||\u00bb custom_padding__hover=\u00bb|||\u00bb][et_pb_text _builder_version=\u00bb4.4.8&#8243; text_font=\u00bbCaveat||||||||\u00bb text_text_color=\u00bb#ffffff\u00bb text_font_size=\u00bb47px\u00bb text_letter_spacing=\u00bb2px\u00bb text_orientation=\u00bbcenter\u00bb hover_enabled=\u00bb0&#8243; text_text_shadow_style=\u00bbpreset1&#8243;]<\/p>\n<p>Movimientos de un coraz\u00f3n<\/p>\n<p>[\/et_pb_text][\/et_pb_column][\/et_pb_row][et_pb_row _builder_version=\u00bb4.2.2&#8243; transform_translate=\u00bb0px|-15px\u00bb transform_translate_linked=\u00bboff\u00bb][et_pb_column type=\u00bb4_4&#8243; _builder_version=\u00bb4.2.2&#8243;][et_pb_text _builder_version=\u00bb4.4.8&#8243; text_font=\u00bbCaveat||||||||\u00bb text_text_color=\u00bb#ffffff\u00bb text_font_size=\u00bb31px\u00bb text_letter_spacing=\u00bb2px\u00bb transform_translate=\u00bb0px|-13px\u00bb transform_translate_linked=\u00bboff\u00bb text_orientation=\u00bbcenter\u00bb hover_enabled=\u00bb0&#8243;]<\/p>\n<p>Retratos de un elemento: el mar<\/p>\n<p>[\/et_pb_text][\/et_pb_column][\/et_pb_row][\/et_pb_section][et_pb_section fb_built=\u00bb1&#8243; _builder_version=\u00bb4.2.2&#8243; background_color=\u00bb#ffffff\u00bb background_enable_image=\u00bboff\u00bb][et_pb_row use_custom_gutter=\u00bbon\u00bb gutter_width=\u00bb1&#8243; make_equal=\u00bbon\u00bb _builder_version=\u00bb4.4.8&#8243; width=\u00bb100%\u00bb module_alignment=\u00bbcenter\u00bb custom_padding=\u00bb|0px||||\u00bb][et_pb_column type=\u00bb4_4&#8243; _builder_version=\u00bb4.2.2&#8243;][et_pb_gallery gallery_ids=\u00bb583,603,601,595,584,602,604,617,586,591,596,588,587,597,599,616,585,606,605,589&#8243; posts_number=\u00bb20&#8243; orientation=\u00bbportrait\u00bb show_title_and_caption=\u00bboff\u00bb show_pagination=\u00bboff\u00bb zoom_icon_color=\u00bbrgba(255,255,255,0.24)\u00bb hover_overlay_color=\u00bbrgba(255,255,255,0.37)\u00bb hover_icon=\u00bb%%52%%\u00bb _builder_version=\u00bb4.2.2&#8243; custom_css_gallery_item=\u00bbmargin: 0 !important;||width: 25% !important;||clear: none !important;\u00bb border_width_all=\u00bb10px\u00bb border_color_all=\u00bb#ffffff\u00bb box_shadow_style_image=\u00bbpreset2&#8243; box_shadow_blur_image=\u00bb6px\u00bb box_shadow_spread_image=\u00bb-3px\u00bb][\/et_pb_gallery][\/et_pb_column][\/et_pb_row][\/et_pb_section][et_pb_section fb_built=\u00bb1&#8243; _builder_version=\u00bb4.2.2&#8243; background_color=\u00bb#ffffff\u00bb background_enable_image=\u00bboff\u00bb transform_translate=\u00bb0px|-96px\u00bb transform_translate_linked=\u00bboff\u00bb][et_pb_row _builder_version=\u00bb4.2.2&#8243; max_width=\u00bb1402px\u00bb][et_pb_column type=\u00bb4_4&#8243; _builder_version=\u00bb4.2.2&#8243;][et_pb_text _builder_version=\u00bb4.2.2&#8243; text_font=\u00bbABeeZee||||||||\u00bb]<\/p>\n<div class=\"gmail_default\">\n<h1>Movimientos de un coraz\u00f3n<\/h1>\n<p>El contemplum era en tiempos de los romanos una plataforma situada delante de los templos paganos desde donde se observaban los astros con fines predictivos. Es decir: serv\u00eda para mirar lejos (contemplari).<\/p>\n<p>Movimientos de un coraz\u00f3n es la respuesta gr\u00e1fica, directa y personal que In\u00e9s Gil nos propone en una serie de fotograf\u00edas a cerca de esta forma de mirar m\u00e1s all\u00e1 de lo que el ojo es capaz de enfocar.<\/p>\n<p>Convertir el agua en cielo es lo de menos, ya que al suprimir el contexto, las fotograf\u00edas de In\u00e9s nos permiten volar y nadar al tiempo para llegar a esos mundos que Paul Eluard adivinaba est\u00e1n en \u00e9ste, y acceder as\u00ed a esas otras vidas que residen, sin duda, en uno mismo.<\/p>\n<p>Cuando la mirada se acopla y acompasa a un biorritmo el tiempo se hace el\u00e1stico tambaleando las leyes de la f\u00edsica, lo que In\u00e9s aprovecha y potencia usando un cimbreante arte \u00f3ptico de natural geometr\u00eda.<\/p>\n<p>Contemplar es mirar lejos a trav\u00e9s de un mar muerto un mill\u00f3n de veces, y verlo renacer otras tantas, tal y como lo hacen los versos superpuestos de un surreal cad\u00e1ver exquisito. Lo imaginado convive con la realidad sin mayor conflicto mientras el coraz\u00f3n se mueve bruscamente y sin medida de la mano de un Universo en expansi\u00f3n condenado a no quedar quieto ni por un instante.<\/p>\n<p>Mirar lejos no es ver y tampoco es observar, y s\u00ed es, sin duda, el paso necesario para imaginar, renunciando a aquel primigenio sentido de la fotograf\u00eda de dar testimonio de un momento vivido, porque en estas im\u00e1genes el momento\u2026est\u00e1 por llegar.<\/p>\n<p>Texto:\u00a0<a href=\"https:\/\/www.xn--miguelbauls-8db.com\/\">Miguel Ba\u00f1uls<\/a><\/p>\n<\/div>\n<p>[\/et_pb_text][\/et_pb_column][\/et_pb_row][\/et_pb_section]<\/p>\n","protected":false},"excerpt":{"rendered":"<p>[et_pb_section fb_built=\u00bb1&#8243; next_background_color=\u00bb#ffffff\u00bb _builder_version=\u00bb4.2.2&#8243; background_color=\u00bb#ffffff\u00bb use_background_color_gradient=\u00bbon\u00bb background_color_gradient_start=\u00bb#edb949&#8243; background_color_gradient_end=\u00bbrgba(6,74,91,0.89)\u00bb background_color_gradient_direction=\u00bb170deg\u00bb background_color_gradient_start_position=\u00bb35%\u00bb background_color_gradient_end_position=\u00bb82%\u00bb background_enable_image=\u00bboff\u00bb module_alignment=\u00bbcenter\u00bb min_height=\u00bb300px\u00bb bottom_divider_style=\u00bbwave2&#8243;][et_pb_row _builder_version=\u00bb4.2.2&#8243; background_size=\u00bbinitial\u00bb background_position=\u00bbtop_left\u00bb background_repeat=\u00bbrepeat\u00bb transform_translate=\u00bb0px|-20px\u00bb transform_translate_linked=\u00bboff\u00bb][et_pb_column type=\u00bb4_4&#8243; _builder_version=\u00bb3.25&#8243; custom_padding=\u00bb|||\u00bb custom_padding__hover=\u00bb|||\u00bb][et_pb_text _builder_version=\u00bb4.4.8&#8243; text_font=\u00bbCaveat||||||||\u00bb text_text_color=\u00bb#ffffff\u00bb text_font_size=\u00bb47px\u00bb text_letter_spacing=\u00bb2px\u00bb text_orientation=\u00bbcenter\u00bb hover_enabled=\u00bb0&#8243; text_text_shadow_style=\u00bbpreset1&#8243;] Movimientos de un coraz\u00f3n [\/et_pb_text][\/et_pb_column][\/et_pb_row][et_pb_row _builder_version=\u00bb4.2.2&#8243; transform_translate=\u00bb0px|-15px\u00bb transform_translate_linked=\u00bboff\u00bb][et_pb_column type=\u00bb4_4&#8243; _builder_version=\u00bb4.2.2&#8243;][et_pb_text _builder_version=\u00bb4.4.8&#8243; text_font=\u00bbCaveat||||||||\u00bb text_text_color=\u00bb#ffffff\u00bb text_font_size=\u00bb31px\u00bb text_letter_spacing=\u00bb2px\u00bb transform_translate=\u00bb0px|-13px\u00bb transform_translate_linked=\u00bboff\u00bb text_orientation=\u00bbcenter\u00bb hover_enabled=\u00bb0&#8243;] Retratos de un [&hellip;]<\/p>\n","protected":false},"author":1,"featured_media":0,"parent":0,"menu_order":0,"comment_status":"closed","ping_status":"closed","template":"","meta":{"_et_pb_use_builder":"on","_et_pb_old_content":"[gallery columns=\"5\" ids=\"587,584,583,586,585,593,594,603,591,607,588,602,609,596,606,600,617,601,592,615,616,614,590,597,589\"]\n<h1>Movimientos de un coraz\u00f3n<\/h1>\nEl contemplum era en tiempos de los romanos una plataforma situada delante de los templos paganos desde donde se observaban los astros con fines predictivos. Es decir: serv\u00eda para mirar lejos (contemplari).\n\nMovimientos de un coraz\u00f3n es la respuesta gr\u00e1fica, directa y personal que In\u00e9s Gil nos propone en una serie de fotograf\u00edas a cerca de esta forma de mirar m\u00e1s all\u00e1 de lo que el ojo es capaz de enfocar.\n\nConvertir el agua en cielo es lo de menos, ya que al suprimir el contexto, las fotograf\u00edas de In\u00e9s nos permiten volar y nadar al tiempo para llegar a esos mundos que Paul Eluard adivinaba est\u00e1n en \u00e9ste, y acceder as\u00ed a esas otras vidas que residen, sin duda, en uno mismo.\n\nCuando la mirada se acopla y acompasa a un biorritmo el tiempo se hace el\u00e1stico tambaleando las leyes de la f\u00edsica, lo que In\u00e9s aprovecha y potencia usando un cimbreante arte \u00f3ptico de natural geometr\u00eda.\n\nContemplar es mirar lejos a trav\u00e9s de un mar muerto un mill\u00f3n de veces, y verlo renacer otras tantas, tal y como lo hacen los versos superpuestos de un surreal cad\u00e1ver exquisito. Lo imaginado convive con la realidad sin mayor conflicto mientras el coraz\u00f3n se mueve bruscamente y sin medida de la mano de un Universo en expansi\u00f3n condenado a no quedar quieto ni por un instante.\n\nMirar lejos no es ver y tampoco es observar, y s\u00ed es, sin duda, el paso necesario para imaginar, renunciando a aquel primigenio sentido de la fotograf\u00eda de dar testimonio de un momento vivido, porque en estas im\u00e1genes el momento\u2026est\u00e1 por llegar.\n\nTexto: <a href=\"https:\/\/www.miguelba\u00f1uls.com\">Miguel Ba\u00f1uls<\/a>","_et_gb_content_width":"","footnotes":""},"class_list":["post-582","page","type-page","status-publish","hentry"],"yoast_head":"<!-- This site is optimized with the Yoast SEO plugin v27.5 - https:\/\/yoast.com\/product\/yoast-seo-wordpress\/ -->\n<title>Movimientos de un coraz\u00f3n, fotograf\u00edas de In\u00e9s Gil Herrera<\/title>\n<meta name=\"description\" content=\"Movimientos de un coraz\u00f3n es la respuesta gr\u00e1fica, en una serie de fotograf\u00edas a cerca de una forma de mirar m\u00e1s all\u00e1 de lo que el ojo es capaz de enfocar. Fotograf\u00edas donde el \u00fanico elemento retratado es el agua del mar; capaz de sugerir la existencia del resto de elementos naturales: Aire, \u00c9ter, Fuego y Tierra.\" \/>\n<meta name=\"robots\" content=\"index, follow, max-snippet:-1, max-image-preview:large, max-video-preview:-1\" \/>\n<link rel=\"canonical\" href=\"https:\/\/inesgilh.com\/?page_id=582\" \/>\n<meta property=\"og:locale\" content=\"es_ES\" \/>\n<meta property=\"og:type\" content=\"article\" \/>\n<meta property=\"og:title\" content=\"Movimientos de un coraz\u00f3n, fotograf\u00edas de In\u00e9s Gil Herrera\" \/>\n<meta property=\"og:description\" content=\"Movimientos de un coraz\u00f3n es la respuesta gr\u00e1fica, en una serie de fotograf\u00edas a cerca de una forma de mirar m\u00e1s all\u00e1 de lo que el ojo es capaz de enfocar. Fotograf\u00edas donde el \u00fanico elemento retratado es el agua del mar; capaz de sugerir la existencia del resto de elementos naturales: Aire, \u00c9ter, Fuego y Tierra.\" \/>\n<meta property=\"og:url\" content=\"https:\/\/inesgilh.com\/?page_id=582\" \/>\n<meta property=\"og:site_name\" content=\"FOTOEXPRESIONES\" \/>\n<meta property=\"article:publisher\" content=\"https:\/\/www.facebook.com\/fotoxpresiones\/\" \/>\n<meta property=\"article:modified_time\" content=\"2020-07-03T16:25:00+00:00\" \/>\n<meta name=\"twitter:label1\" content=\"Tiempo de lectura\" \/>\n\t<meta name=\"twitter:data1\" content=\"3 minutos\" \/>\n<script type=\"application\/ld+json\" class=\"yoast-schema-graph\">{\"@context\":\"https:\\\/\\\/schema.org\",\"@graph\":[{\"@type\":\"WebPage\",\"@id\":\"https:\\\/\\\/inesgilh.com\\\/?page_id=582\",\"url\":\"https:\\\/\\\/inesgilh.com\\\/?page_id=582\",\"name\":\"Movimientos de un coraz\u00f3n, fotograf\u00edas de In\u00e9s Gil Herrera\",\"isPartOf\":{\"@id\":\"https:\\\/\\\/inesgilh.com\\\/#website\"},\"datePublished\":\"2018-01-08T10:57:08+00:00\",\"dateModified\":\"2020-07-03T16:25:00+00:00\",\"description\":\"Movimientos de un coraz\u00f3n es la respuesta gr\u00e1fica, en una serie de fotograf\u00edas a cerca de una forma de mirar m\u00e1s all\u00e1 de lo que el ojo es capaz de enfocar. Fotograf\u00edas donde el \u00fanico elemento retratado es el agua del mar; capaz de sugerir la existencia del resto de elementos naturales: Aire, \u00c9ter, Fuego y Tierra.\",\"breadcrumb\":{\"@id\":\"https:\\\/\\\/inesgilh.com\\\/?page_id=582#breadcrumb\"},\"inLanguage\":\"es\",\"potentialAction\":[{\"@type\":\"ReadAction\",\"target\":[\"https:\\\/\\\/inesgilh.com\\\/?page_id=582\"]}]},{\"@type\":\"BreadcrumbList\",\"@id\":\"https:\\\/\\\/inesgilh.com\\\/?page_id=582#breadcrumb\",\"itemListElement\":[{\"@type\":\"ListItem\",\"position\":1,\"name\":\"Portada\",\"item\":\"https:\\\/\\\/inesgilh.com\\\/\"},{\"@type\":\"ListItem\",\"position\":2,\"name\":\"Movimientos de un coraz\u00f3n\"}]},{\"@type\":\"WebSite\",\"@id\":\"https:\\\/\\\/inesgilh.com\\\/#website\",\"url\":\"https:\\\/\\\/inesgilh.com\\\/\",\"name\":\"FOTOEXPRESIONES\",\"description\":\"In\u00e9s Gil Herrera -  Fotograf\u00eda\",\"potentialAction\":[{\"@type\":\"SearchAction\",\"target\":{\"@type\":\"EntryPoint\",\"urlTemplate\":\"https:\\\/\\\/inesgilh.com\\\/?s={search_term_string}\"},\"query-input\":{\"@type\":\"PropertyValueSpecification\",\"valueRequired\":true,\"valueName\":\"search_term_string\"}}],\"inLanguage\":\"es\"}]}<\/script>\n<!-- \/ Yoast SEO plugin. -->","yoast_head_json":{"title":"Movimientos de un coraz\u00f3n, fotograf\u00edas de In\u00e9s Gil Herrera","description":"Movimientos de un coraz\u00f3n es la respuesta gr\u00e1fica, en una serie de fotograf\u00edas a cerca de una forma de mirar m\u00e1s all\u00e1 de lo que el ojo es capaz de enfocar. Fotograf\u00edas donde el \u00fanico elemento retratado es el agua del mar; capaz de sugerir la existencia del resto de elementos naturales: Aire, \u00c9ter, Fuego y Tierra.","robots":{"index":"index","follow":"follow","max-snippet":"max-snippet:-1","max-image-preview":"max-image-preview:large","max-video-preview":"max-video-preview:-1"},"canonical":"https:\/\/inesgilh.com\/?page_id=582","og_locale":"es_ES","og_type":"article","og_title":"Movimientos de un coraz\u00f3n, fotograf\u00edas de In\u00e9s Gil Herrera","og_description":"Movimientos de un coraz\u00f3n es la respuesta gr\u00e1fica, en una serie de fotograf\u00edas a cerca de una forma de mirar m\u00e1s all\u00e1 de lo que el ojo es capaz de enfocar. Fotograf\u00edas donde el \u00fanico elemento retratado es el agua del mar; capaz de sugerir la existencia del resto de elementos naturales: Aire, \u00c9ter, Fuego y Tierra.","og_url":"https:\/\/inesgilh.com\/?page_id=582","og_site_name":"FOTOEXPRESIONES","article_publisher":"https:\/\/www.facebook.com\/fotoxpresiones\/","article_modified_time":"2020-07-03T16:25:00+00:00","twitter_misc":{"Tiempo de lectura":"3 minutos"},"schema":{"@context":"https:\/\/schema.org","@graph":[{"@type":"WebPage","@id":"https:\/\/inesgilh.com\/?page_id=582","url":"https:\/\/inesgilh.com\/?page_id=582","name":"Movimientos de un coraz\u00f3n, fotograf\u00edas de In\u00e9s Gil Herrera","isPartOf":{"@id":"https:\/\/inesgilh.com\/#website"},"datePublished":"2018-01-08T10:57:08+00:00","dateModified":"2020-07-03T16:25:00+00:00","description":"Movimientos de un coraz\u00f3n es la respuesta gr\u00e1fica, en una serie de fotograf\u00edas a cerca de una forma de mirar m\u00e1s all\u00e1 de lo que el ojo es capaz de enfocar. Fotograf\u00edas donde el \u00fanico elemento retratado es el agua del mar; capaz de sugerir la existencia del resto de elementos naturales: Aire, \u00c9ter, Fuego y Tierra.","breadcrumb":{"@id":"https:\/\/inesgilh.com\/?page_id=582#breadcrumb"},"inLanguage":"es","potentialAction":[{"@type":"ReadAction","target":["https:\/\/inesgilh.com\/?page_id=582"]}]},{"@type":"BreadcrumbList","@id":"https:\/\/inesgilh.com\/?page_id=582#breadcrumb","itemListElement":[{"@type":"ListItem","position":1,"name":"Portada","item":"https:\/\/inesgilh.com\/"},{"@type":"ListItem","position":2,"name":"Movimientos de un coraz\u00f3n"}]},{"@type":"WebSite","@id":"https:\/\/inesgilh.com\/#website","url":"https:\/\/inesgilh.com\/","name":"FOTOEXPRESIONES","description":"In\u00e9s Gil Herrera -  Fotograf\u00eda","potentialAction":[{"@type":"SearchAction","target":{"@type":"EntryPoint","urlTemplate":"https:\/\/inesgilh.com\/?s={search_term_string}"},"query-input":{"@type":"PropertyValueSpecification","valueRequired":true,"valueName":"search_term_string"}}],"inLanguage":"es"}]}},"_links":{"self":[{"href":"https:\/\/inesgilh.com\/index.php?rest_route=\/wp\/v2\/pages\/582","targetHints":{"allow":["GET"]}}],"collection":[{"href":"https:\/\/inesgilh.com\/index.php?rest_route=\/wp\/v2\/pages"}],"about":[{"href":"https:\/\/inesgilh.com\/index.php?rest_route=\/wp\/v2\/types\/page"}],"author":[{"embeddable":true,"href":"https:\/\/inesgilh.com\/index.php?rest_route=\/wp\/v2\/users\/1"}],"replies":[{"embeddable":true,"href":"https:\/\/inesgilh.com\/index.php?rest_route=%2Fwp%2Fv2%2Fcomments&post=582"}],"version-history":[{"count":14,"href":"https:\/\/inesgilh.com\/index.php?rest_route=\/wp\/v2\/pages\/582\/revisions"}],"predecessor-version":[{"id":1481,"href":"https:\/\/inesgilh.com\/index.php?rest_route=\/wp\/v2\/pages\/582\/revisions\/1481"}],"wp:attachment":[{"href":"https:\/\/inesgilh.com\/index.php?rest_route=%2Fwp%2Fv2%2Fmedia&parent=582"}],"curies":[{"name":"wp","href":"https:\/\/api.w.org\/{rel}","templated":true}]}}